{"id":108630,"date":"2017-03-23T03:17:09","date_gmt":"2017-03-23T03:17:09","guid":{"rendered":"http:\/\/keramika.holest.com\/slovenija\/product\/briolette-pas\/"},"modified":"2017-03-27T19:56:44","modified_gmt":"2017-03-27T19:56:44","slug":"briolette-pas","status":"publish","type":"product","link":"https:\/\/www.keramika.com\/slovenija\/briolette-pas\/","title":{"rendered":"Briolette pas"},"content":{"rendered":"<p>Plo\u0161\u010dica na sliki je velika 10&#215;20 cm. Ta kerami\u010dna plo\u0161\u010dica v \u010dudoviti beli barvi bo obogatila vsak prostor. To plo\u0161\u010dico je izdelal proizvajalec Tonalite, ki prihaja iz Italije. Debelina plo\u0161\u010dice je zelo pomembna in 8 mm uvr\u0161\u010da to plo\u0161\u010dico med najkvalitetnej\u0161e.<\/p>\n<p>Kliknite na ime kolekcije za ogled vseh plo\u0161\u010dic iz te serije: <a class=\"pdfcatal\" href=\"\/\/www.ceramictiles.com\/pdf\/tonalite\/briolette.pdf\" onclick=\"recordOutboundLink(this, 'E-mail', 'Description PDF');return false;\">Tonalite Briolette<\/a><\/p>\n<p>\u010ce \u017eelite naro\u010diti model iz pdf kataloga te kolekcije, nam pi\u0161ite na: <a href=\"mailto:keramoteka.salon@gmail.com\" onclick=\"recordOutboundLink(this, 'E-mail', 'Description mail');return false;\">keramoteka.salon@gmail.com<\/a> ali pa nas pokli\u010dite na: +386 31 255 900.<\/p>\n","protected":false},"excerpt":{"rendered":"<p>Plo\u0161\u010dica na sliki je velika 10&#215;20 cm. Ta kerami\u010dna plo\u0161\u010dica v \u010dudoviti beli barvi bo obogatila vsak prostor. To plo\u0161\u010dico je izdelal proizvajalec Tonalite, ki prihaja iz Italije. Debelina plo\u0161\u010dice je zelo pomembna in 8 mm uvr\u0161\u010da to plo\u0161\u010dico med najkvalitetnej\u0161e. Kliknite na ime kolekcije za ogled vseh plo\u0161\u010dic iz te serije: Tonalite Briolette \u010ce [&hellip;]<\/p>\n","protected":false},"featured_media":108631,"template":"","meta":[],"product_cat":[200,230,999,250,9991048],"product_tag":[],"_links":{"self":[{"href":"https:\/\/www.keramika.com\/slovenija\/wp-json\/wp\/v2\/product\/108630"}],"collection":[{"href":"https:\/\/www.keramika.com\/slovenija\/wp-json\/wp\/v2\/product"}],"about":[{"href":"https:\/\/www.keramika.com\/slovenija\/wp-json\/wp\/v2\/types\/product"}],"wp:featuredmedia":[{"embeddable":true,"href":"https:\/\/www.keramika.com\/slovenija\/wp-json\/wp\/v2\/media\/108631"}],"wp:attachment":[{"href":"https:\/\/www.keramika.com\/slovenija\/wp-json\/wp\/v2\/media?parent=108630"}],"wp:term":[{"taxonomy":"product_cat","embeddable":true,"href":"https:\/\/www.keramika.com\/slovenija\/wp-json\/wp\/v2\/product_cat?post=108630"},{"taxonomy":"product_tag","embeddable":true,"href":"https:\/\/www.keramika.com\/slovenija\/wp-json\/wp\/v2\/product_tag?post=108630"}],"curies":[{"name":"wp","href":"https:\/\/api.w.org\/{rel}","templated":true}]}}