{"id":108464,"date":"2017-03-23T03:11:07","date_gmt":"2017-03-23T03:11:07","guid":{"rendered":"http:\/\/keramika.holest.com\/slovenija\/product\/ice-3d-decor\/"},"modified":"2026-01-05T00:01:48","modified_gmt":"2026-01-05T00:01:48","slug":"ice-3d-decor","status":"publish","type":"product","link":"https:\/\/www.keramika.com\/slovenija\/ice-3d-decor\/","title":{"rendered":"Ice 3D Decor"},"content":{"rendered":"<p>Z velikostjo 22,5&#215;22,5 cm je ta plo\u0161\u010dica primerna ze razli\u010dne povr\u0161ine. Ice 3D Decor je pripeljana iz \u0160panije in je zelo kvalitetna. Ta model plo\u0161\u010dice se najbolje prodaja v modri barvi. Plo\u0161\u010dica je debela kar mm, kar jo uvr\u0161\u010da med bolj trde plo\u0161\u010dice. Na spletu boste za to plo\u0161\u010dico od\u0161teli le 57,44 EUR, medtem ko v redni prodaji cena zna\u0161a 71,8 EUR.<\/p>\n<p>Kliknite na ime kolekcije za ogled vseh plo\u0161\u010dic iz te serije: <a class=\"pdfcatal\" href=\"\/\/www.ceramictiles.com\/pdf\/bouquet\/catalogue_bouquet_ice.pdf\">Bouquet ceramic Ice<\/a><\/p>\n<p>\u010ce \u017eelite naro\u010diti model iz pdf kataloga te kolekcije, nam pi\u0161ite na: <a href=\"mailto:keramoteka.salon@gmail.com\">keramoteka.salon@gmail.com<\/a> ali pa nas pokli\u010dite na: +386 31 255 900.<\/p>\n<p>Technical description: 22,3&#215;23,5<\/p>\n","protected":false},"excerpt":{"rendered":"<p>Z velikostjo 22,5&#215;22,5 cm je ta plo\u0161\u010dica primerna ze razli\u010dne povr\u0161ine. Ice 3D Decor je pripeljana iz \u0160panije in je zelo kvalitetna. Ta model plo\u0161\u010dice se najbolje prodaja v modri barvi. Plo\u0161\u010dica je debela kar mm, kar jo uvr\u0161\u010da med bolj trde plo\u0161\u010dice. Na spletu boste za to plo\u0161\u010dico od\u0161teli le 57,44 EUR, medtem ko [&hellip;]<\/p>\n","protected":false},"featured_media":108465,"template":"","meta":[],"product_cat":[99921431,200,999,250],"product_tag":[99921971],"_links":{"self":[{"href":"https:\/\/www.keramika.com\/slovenija\/wp-json\/wp\/v2\/product\/108464"}],"collection":[{"href":"https:\/\/www.keramika.com\/slovenija\/wp-json\/wp\/v2\/product"}],"about":[{"href":"https:\/\/www.keramika.com\/slovenija\/wp-json\/wp\/v2\/types\/product"}],"wp:featuredmedia":[{"embeddable":true,"href":"https:\/\/www.keramika.com\/slovenija\/wp-json\/wp\/v2\/media\/108465"}],"wp:attachment":[{"href":"https:\/\/www.keramika.com\/slovenija\/wp-json\/wp\/v2\/media?parent=108464"}],"wp:term":[{"taxonomy":"product_cat","embeddable":true,"href":"https:\/\/www.keramika.com\/slovenija\/wp-json\/wp\/v2\/product_cat?post=108464"},{"taxonomy":"product_tag","embeddable":true,"href":"https:\/\/www.keramika.com\/slovenija\/wp-json\/wp\/v2\/product_tag?post=108464"}],"curies":[{"name":"wp","href":"https:\/\/api.w.org\/{rel}","templated":true}]}}