{"id":108456,"date":"2017-03-23T03:10:50","date_gmt":"2017-03-23T03:10:50","guid":{"rendered":"http:\/\/keramika.holest.com\/slovenija\/product\/bouquet-stone\/"},"modified":"2026-01-05T00:01:48","modified_gmt":"2026-01-05T00:01:48","slug":"bouquet-stone","status":"publish","type":"product","link":"https:\/\/www.keramika.com\/slovenija\/bouquet-stone\/","title":{"rendered":"Bouquet Stone"},"content":{"rendered":"<p>Z velikostjo 22,5&#215;22,5 cm je ta plo\u0161\u010dica primerna ze razli\u010dne povr\u0161ine. To plo\u0161\u010dico je izdelal proizvajalec Bouquet ceramic, ki prihaja iz \u0160panije. Pri izbiri plo\u0161\u010dice v modri barvi ne morete zgre\u0161iti. Zaradi ni\u017ejih stro\u0161kov pri spletni prodaji boste na na\u0161i strani za to plo\u0161\u010dico od\u0161teli le 57,44 EUR. Debelina plo\u0161\u010dice je zelo pomembna in mm uvr\u0161\u010da to plo\u0161\u010dico med najkvalitetnej\u0161e.<\/p>\n<p>Kliknite na ime kolekcije za ogled vseh plo\u0161\u010dic iz te serije: <a class=\"pdfcatal\" href=\"\/\/www.ceramictiles.com\/pdf\/bouquet\/catalogue_bouquet_stone.pdf\">Bouquet ceramic Stone<\/a><\/p>\n<p>\u010ce \u017eelite naro\u010diti model iz pdf kataloga te kolekcije, nam pi\u0161ite na: <a href=\"mailto:keramoteka.salon@gmail.com\">keramoteka.salon@gmail.com<\/a> ali pa nas pokli\u010dite na: +386 31 255 900.<\/p>\n<p>Technical description: 22,3&#215;23,5<\/p>\n","protected":false},"excerpt":{"rendered":"<p>Z velikostjo 22,5&#215;22,5 cm je ta plo\u0161\u010dica primerna ze razli\u010dne povr\u0161ine. To plo\u0161\u010dico je izdelal proizvajalec Bouquet ceramic, ki prihaja iz \u0160panije. Pri izbiri plo\u0161\u010dice v modri barvi ne morete zgre\u0161iti. Zaradi ni\u017ejih stro\u0161kov pri spletni prodaji boste na na\u0161i strani za to plo\u0161\u010dico od\u0161teli le 57,44 EUR. Debelina plo\u0161\u010dice je zelo pomembna in mm [&hellip;]<\/p>\n","protected":false},"featured_media":108457,"template":"","meta":[],"product_cat":[99921431,200,999,250],"product_tag":[],"_links":{"self":[{"href":"https:\/\/www.keramika.com\/slovenija\/wp-json\/wp\/v2\/product\/108456"}],"collection":[{"href":"https:\/\/www.keramika.com\/slovenija\/wp-json\/wp\/v2\/product"}],"about":[{"href":"https:\/\/www.keramika.com\/slovenija\/wp-json\/wp\/v2\/types\/product"}],"wp:featuredmedia":[{"embeddable":true,"href":"https:\/\/www.keramika.com\/slovenija\/wp-json\/wp\/v2\/media\/108457"}],"wp:attachment":[{"href":"https:\/\/www.keramika.com\/slovenija\/wp-json\/wp\/v2\/media?parent=108456"}],"wp:term":[{"taxonomy":"product_cat","embeddable":true,"href":"https:\/\/www.keramika.com\/slovenija\/wp-json\/wp\/v2\/product_cat?post=108456"},{"taxonomy":"product_tag","embeddable":true,"href":"https:\/\/www.keramika.com\/slovenija\/wp-json\/wp\/v2\/product_tag?post=108456"}],"curies":[{"name":"wp","href":"https:\/\/api.w.org\/{rel}","templated":true}]}}