{"id":108440,"date":"2017-03-23T03:10:21","date_gmt":"2017-03-23T03:10:21","guid":{"rendered":"http:\/\/keramika.holest.com\/slovenija\/product\/bouquet-pop\/"},"modified":"2026-01-05T00:01:48","modified_gmt":"2026-01-05T00:01:48","slug":"bouquet-pop","status":"publish","type":"product","link":"https:\/\/www.keramika.com\/slovenija\/bouquet-pop\/","title":{"rendered":"Bouquet Pop"},"content":{"rendered":"<p>V redni prodaji bi morali za to plo\u0161\u010dico od\u0161teti 86,7 EUR, spletna cena pa zna\u0161a le 69,36 EUR. Velikost te plo\u0161\u010dice je 22,5&#215;22,5 cm. Ta kerami\u010dna plo\u0161\u010dica v \u010dudoviti rumeni barvi bo obogatila vsak prostor. Debelina plo\u0161\u010dice je zelo pomembna in mm uvr\u0161\u010da to plo\u0161\u010dico med najkvalitetnej\u0161e. Bouquet Pop je plo\u0161\u010dica proizvajalca Bouquet ceramic in prihaja iz \u0160panije.<\/p>\n<p>Kliknite na ime kolekcije za ogled vseh plo\u0161\u010dic iz te serije: <a class=\"pdfcatal\" href=\"\/\/www.ceramictiles.com\/pdf\/bouquet\/catalogue_bouquet_pop.pdf\">Bouquet ceramic Pop<\/a><\/p>\n<p>\u010ce \u017eelite naro\u010diti model iz pdf kataloga te kolekcije, nam pi\u0161ite na: <a href=\"mailto:keramoteka.salon@gmail.com\">keramoteka.salon@gmail.com<\/a> ali pa nas pokli\u010dite na: +386 31 255 900.<\/p>\n<p>Technical description: 22,3&#215;23,5<\/p>\n","protected":false},"excerpt":{"rendered":"<p>V redni prodaji bi morali za to plo\u0161\u010dico od\u0161teti 86,7 EUR, spletna cena pa zna\u0161a le 69,36 EUR. Velikost te plo\u0161\u010dice je 22,5&#215;22,5 cm. Ta kerami\u010dna plo\u0161\u010dica v \u010dudoviti rumeni barvi bo obogatila vsak prostor. Debelina plo\u0161\u010dice je zelo pomembna in mm uvr\u0161\u010da to plo\u0161\u010dico med najkvalitetnej\u0161e. Bouquet Pop je plo\u0161\u010dica proizvajalca Bouquet ceramic in [&hellip;]<\/p>\n","protected":false},"featured_media":108441,"template":"","meta":[],"product_cat":[99921431,200,999,250],"product_tag":[],"_links":{"self":[{"href":"https:\/\/www.keramika.com\/slovenija\/wp-json\/wp\/v2\/product\/108440"}],"collection":[{"href":"https:\/\/www.keramika.com\/slovenija\/wp-json\/wp\/v2\/product"}],"about":[{"href":"https:\/\/www.keramika.com\/slovenija\/wp-json\/wp\/v2\/types\/product"}],"wp:featuredmedia":[{"embeddable":true,"href":"https:\/\/www.keramika.com\/slovenija\/wp-json\/wp\/v2\/media\/108441"}],"wp:attachment":[{"href":"https:\/\/www.keramika.com\/slovenija\/wp-json\/wp\/v2\/media?parent=108440"}],"wp:term":[{"taxonomy":"product_cat","embeddable":true,"href":"https:\/\/www.keramika.com\/slovenija\/wp-json\/wp\/v2\/product_cat?post=108440"},{"taxonomy":"product_tag","embeddable":true,"href":"https:\/\/www.keramika.com\/slovenija\/wp-json\/wp\/v2\/product_tag?post=108440"}],"curies":[{"name":"wp","href":"https:\/\/api.w.org\/{rel}","templated":true}]}}