{"id":108432,"date":"2017-03-23T03:10:09","date_gmt":"2017-03-23T03:10:09","guid":{"rendered":"http:\/\/keramika.holest.com\/slovenija\/product\/bouquet-nordic\/"},"modified":"2026-01-05T00:01:48","modified_gmt":"2026-01-05T00:01:48","slug":"bouquet-nordic","status":"publish","type":"product","link":"https:\/\/www.keramika.com\/slovenija\/bouquet-nordic\/","title":{"rendered":"Bouquet Nordic"},"content":{"rendered":"<p>Redna cena te plo\u0161\u010dice v maloprodaji zna\u0161a 81,84 EUR, v na\u0161i spletni trgovini pa jo lahko dobite \u017ee za 65,47 EUR. Z 17,5&#215;20 cm je ta plo\u0161\u010dica primerna za razli\u010dne podlage. Debelina kar mm dela to plo\u0161\u010dico zelo trpe\u017eno in presti\u017eno na otip. Ta model plo\u0161\u010dice se najbolje prodaja v be\u017e barvi. Prihaja iz \u0160panije, ki po svetu slovi kot ena bolj\u0161ih proizvajalk kerami\u010dnih plo\u0161\u010dic.<\/p>\n<p>Kliknite na ime kolekcije za ogled vseh plo\u0161\u010dic iz te serije: <a class=\"pdfcatal\" href=\"\/\/www.ceramictiles.com\/pdf\/bouquet\/catalogue_bouquet_nordic.pdf\">Bouquet ceramic Nordic<\/a><\/p>\n<p>\u010ce \u017eelite naro\u010diti model iz pdf kataloga te kolekcije, nam pi\u0161ite na: <a href=\"mailto:keramoteka.salon@gmail.com\">keramoteka.salon@gmail.com<\/a> ali pa nas pokli\u010dite na: +386 31 255 900.<\/p>\n<p>Technical description: 17,5&#215;30<\/p>\n","protected":false},"excerpt":{"rendered":"<p>Redna cena te plo\u0161\u010dice v maloprodaji zna\u0161a 81,84 EUR, v na\u0161i spletni trgovini pa jo lahko dobite \u017ee za 65,47 EUR. Z 17,5&#215;20 cm je ta plo\u0161\u010dica primerna za razli\u010dne podlage. Debelina kar mm dela to plo\u0161\u010dico zelo trpe\u017eno in presti\u017eno na otip. Ta model plo\u0161\u010dice se najbolje prodaja v be\u017e barvi. Prihaja iz \u0160panije, [&hellip;]<\/p>\n","protected":false},"featured_media":108433,"template":"","meta":[],"product_cat":[99921431,200,999,250],"product_tag":[],"_links":{"self":[{"href":"https:\/\/www.keramika.com\/slovenija\/wp-json\/wp\/v2\/product\/108432"}],"collection":[{"href":"https:\/\/www.keramika.com\/slovenija\/wp-json\/wp\/v2\/product"}],"about":[{"href":"https:\/\/www.keramika.com\/slovenija\/wp-json\/wp\/v2\/types\/product"}],"wp:featuredmedia":[{"embeddable":true,"href":"https:\/\/www.keramika.com\/slovenija\/wp-json\/wp\/v2\/media\/108433"}],"wp:attachment":[{"href":"https:\/\/www.keramika.com\/slovenija\/wp-json\/wp\/v2\/media?parent=108432"}],"wp:term":[{"taxonomy":"product_cat","embeddable":true,"href":"https:\/\/www.keramika.com\/slovenija\/wp-json\/wp\/v2\/product_cat?post=108432"},{"taxonomy":"product_tag","embeddable":true,"href":"https:\/\/www.keramika.com\/slovenija\/wp-json\/wp\/v2\/product_tag?post=108432"}],"curies":[{"name":"wp","href":"https:\/\/api.w.org\/{rel}","templated":true}]}}