{"id":108424,"date":"2017-03-23T03:09:57","date_gmt":"2017-03-23T03:09:57","guid":{"rendered":"http:\/\/keramika.holest.com\/slovenija\/product\/bouquet-metal\/"},"modified":"2026-01-05T00:01:48","modified_gmt":"2026-01-05T00:01:48","slug":"bouquet-metal","status":"publish","type":"product","link":"https:\/\/www.keramika.com\/slovenija\/bouquet-metal\/","title":{"rendered":"Bouquet Metal"},"content":{"rendered":"<p>Z 22,5&#215;22,5 cm je ta plo\u0161\u010dica primerna za razli\u010dne podlage. Debelina kar mm dela to plo\u0161\u010dico zelo trpe\u017eno in presti\u017eno na otip. Bouquet Metal je pripeljana iz \u0160panije in je zelo kvalitetna. Pri izbiri plo\u0161\u010dice v zeleni barvi ne morete zgre\u0161iti. Na spletu boste za to plo\u0161\u010dico od\u0161teli le 69,36 EUR, medtem ko v redni prodaji cena zna\u0161a 86,7 EUR.<\/p>\n<p>Kliknite na ime kolekcije za ogled vseh plo\u0161\u010dic iz te serije: <a class=\"pdfcatal\" href=\"\/\/www.ceramictiles.com\/pdf\/bouquet\/catalogue_bouquet_metal.pdf\">Bouquet ceramic Metal<\/a><\/p>\n<p>\u010ce \u017eelite naro\u010diti model iz pdf kataloga te kolekcije, nam pi\u0161ite na: <a href=\"mailto:keramoteka.salon@gmail.com\">keramoteka.salon@gmail.com<\/a> ali pa nas pokli\u010dite na: +386 31 255 900.<\/p>\n<p>Technical description: 22,3&#215;23,5<\/p>\n","protected":false},"excerpt":{"rendered":"<p>Z 22,5&#215;22,5 cm je ta plo\u0161\u010dica primerna za razli\u010dne podlage. Debelina kar mm dela to plo\u0161\u010dico zelo trpe\u017eno in presti\u017eno na otip. Bouquet Metal je pripeljana iz \u0160panije in je zelo kvalitetna. Pri izbiri plo\u0161\u010dice v zeleni barvi ne morete zgre\u0161iti. Na spletu boste za to plo\u0161\u010dico od\u0161teli le 69,36 EUR, medtem ko v redni [&hellip;]<\/p>\n","protected":false},"featured_media":108425,"template":"","meta":[],"product_cat":[99921431,200,999,250],"product_tag":[],"_links":{"self":[{"href":"https:\/\/www.keramika.com\/slovenija\/wp-json\/wp\/v2\/product\/108424"}],"collection":[{"href":"https:\/\/www.keramika.com\/slovenija\/wp-json\/wp\/v2\/product"}],"about":[{"href":"https:\/\/www.keramika.com\/slovenija\/wp-json\/wp\/v2\/types\/product"}],"wp:featuredmedia":[{"embeddable":true,"href":"https:\/\/www.keramika.com\/slovenija\/wp-json\/wp\/v2\/media\/108425"}],"wp:attachment":[{"href":"https:\/\/www.keramika.com\/slovenija\/wp-json\/wp\/v2\/media?parent=108424"}],"wp:term":[{"taxonomy":"product_cat","embeddable":true,"href":"https:\/\/www.keramika.com\/slovenija\/wp-json\/wp\/v2\/product_cat?post=108424"},{"taxonomy":"product_tag","embeddable":true,"href":"https:\/\/www.keramika.com\/slovenija\/wp-json\/wp\/v2\/product_tag?post=108424"}],"curies":[{"name":"wp","href":"https:\/\/api.w.org\/{rel}","templated":true}]}}