{"id":108416,"date":"2017-03-23T03:09:43","date_gmt":"2017-03-23T03:09:43","guid":{"rendered":"http:\/\/keramika.holest.com\/slovenija\/product\/bouquet-ice-decor\/"},"modified":"2026-01-05T00:01:47","modified_gmt":"2026-01-05T00:01:47","slug":"bouquet-ice-decor","status":"publish","type":"product","link":"https:\/\/www.keramika.com\/slovenija\/bouquet-ice-decor\/","title":{"rendered":"Bouquet Ice Decor"},"content":{"rendered":"<p>Ta model plo\u0161\u010dice se najbolje prodaja v modri barvi. Bouquet Ice Decor je plo\u0161\u010dica proizvajalca Bouquet ceramic in prihaja iz \u0160panije. Dimenzije te plo\u0161\u010dice so 22,5&#215;22,5 cm. Redna cena te plo\u0161\u010dice v maloprodaji zna\u0161a 71,8 EUR, v na\u0161i spletni trgovini pa jo lahko dobite \u017ee za 57,44 EUR. Debelina kar mm dela to plo\u0161\u010dico zelo trpe\u017eno in presti\u017eno na otip.<\/p>\n<p>Kliknite na ime kolekcije za ogled vseh plo\u0161\u010dic iz te serije: <a class=\"pdfcatal\" href=\"\/\/www.ceramictiles.com\/pdf\/bouquet\/catalogue_bouquet_ice.pdf\">Bouquet ceramic Ice<\/a><\/p>\n<p>\u010ce \u017eelite naro\u010diti model iz pdf kataloga te kolekcije, nam pi\u0161ite na: <a href=\"mailto:keramoteka.salon@gmail.com\">keramoteka.salon@gmail.com<\/a> ali pa nas pokli\u010dite na: +386 31 255 900.<\/p>\n<p>Technical description: 22,3&#215;23,5<\/p>\n","protected":false},"excerpt":{"rendered":"<p>Ta model plo\u0161\u010dice se najbolje prodaja v modri barvi. Bouquet Ice Decor je plo\u0161\u010dica proizvajalca Bouquet ceramic in prihaja iz \u0160panije. Dimenzije te plo\u0161\u010dice so 22,5&#215;22,5 cm. Redna cena te plo\u0161\u010dice v maloprodaji zna\u0161a 71,8 EUR, v na\u0161i spletni trgovini pa jo lahko dobite \u017ee za 57,44 EUR. Debelina kar mm dela to plo\u0161\u010dico zelo [&hellip;]<\/p>\n","protected":false},"featured_media":108417,"template":"","meta":[],"product_cat":[99921431,200,999,250],"product_tag":[],"_links":{"self":[{"href":"https:\/\/www.keramika.com\/slovenija\/wp-json\/wp\/v2\/product\/108416"}],"collection":[{"href":"https:\/\/www.keramika.com\/slovenija\/wp-json\/wp\/v2\/product"}],"about":[{"href":"https:\/\/www.keramika.com\/slovenija\/wp-json\/wp\/v2\/types\/product"}],"wp:featuredmedia":[{"embeddable":true,"href":"https:\/\/www.keramika.com\/slovenija\/wp-json\/wp\/v2\/media\/108417"}],"wp:attachment":[{"href":"https:\/\/www.keramika.com\/slovenija\/wp-json\/wp\/v2\/media?parent=108416"}],"wp:term":[{"taxonomy":"product_cat","embeddable":true,"href":"https:\/\/www.keramika.com\/slovenija\/wp-json\/wp\/v2\/product_cat?post=108416"},{"taxonomy":"product_tag","embeddable":true,"href":"https:\/\/www.keramika.com\/slovenija\/wp-json\/wp\/v2\/product_tag?post=108416"}],"curies":[{"name":"wp","href":"https:\/\/api.w.org\/{rel}","templated":true}]}}