{"id":108400,"date":"2017-03-23T03:09:11","date_gmt":"2017-03-23T03:09:11","guid":{"rendered":"http:\/\/keramika.holest.com\/slovenija\/product\/bouquet-ethnic-decor\/"},"modified":"2026-01-05T00:01:47","modified_gmt":"2026-01-05T00:01:47","slug":"bouquet-ethnic-decor","status":"publish","type":"product","link":"https:\/\/www.keramika.com\/slovenija\/bouquet-ethnic-decor\/","title":{"rendered":"Bouquet Ethnic Decor"},"content":{"rendered":"<p>Redna cena te plo\u0161\u010dice v maloprodaji zna\u0161a 92,42 EUR, v na\u0161i spletni trgovini pa jo lahko dobite \u017ee za 73,94 EUR. Velikost te plo\u0161\u010dice je 17,5&#215;20 cm in je primerna za razli\u010dne povr\u0161ine. Ta plo\u0161\u010dica je na voljo v \u010dudoviti be\u017e barvi, \u010de \u017eelite kak\u0161no drugo barvo pa nas kontaktirajte in preverili bomo pri proizvajalcu. Debelina plo\u0161\u010dice je zelo pomembna in mm uvr\u0161\u010da to plo\u0161\u010dico med najkvalitetnej\u0161e. Bouquet Ethnic Decor je plo\u0161\u010dica proizvajalca Bouquet ceramic in prihaja iz \u0160panije.<\/p>\n<p>Kliknite na ime kolekcije za ogled vseh plo\u0161\u010dic iz te serije: <a class=\"pdfcatal\" href=\"\/\/www.ceramictiles.com\/pdf\/bouquet\/catalogue_bouquet_ethnic.pdf\">Bouquet ceramic Ethnic<\/a><\/p>\n<p>\u010ce \u017eelite naro\u010diti model iz pdf kataloga te kolekcije, nam pi\u0161ite na: <a href=\"mailto:keramoteka.salon@gmail.com\">keramoteka.salon@gmail.com<\/a> ali pa nas pokli\u010dite na: +386 31 255 900.<\/p>\n<p>Technical description: 17,5&#215;30<\/p>\n","protected":false},"excerpt":{"rendered":"<p>Redna cena te plo\u0161\u010dice v maloprodaji zna\u0161a 92,42 EUR, v na\u0161i spletni trgovini pa jo lahko dobite \u017ee za 73,94 EUR. Velikost te plo\u0161\u010dice je 17,5&#215;20 cm in je primerna za razli\u010dne povr\u0161ine. Ta plo\u0161\u010dica je na voljo v \u010dudoviti be\u017e barvi, \u010de \u017eelite kak\u0161no drugo barvo pa nas kontaktirajte in preverili bomo pri proizvajalcu. [&hellip;]<\/p>\n","protected":false},"featured_media":108401,"template":"","meta":[],"product_cat":[99921431,200,999,250],"product_tag":[],"_links":{"self":[{"href":"https:\/\/www.keramika.com\/slovenija\/wp-json\/wp\/v2\/product\/108400"}],"collection":[{"href":"https:\/\/www.keramika.com\/slovenija\/wp-json\/wp\/v2\/product"}],"about":[{"href":"https:\/\/www.keramika.com\/slovenija\/wp-json\/wp\/v2\/types\/product"}],"wp:featuredmedia":[{"embeddable":true,"href":"https:\/\/www.keramika.com\/slovenija\/wp-json\/wp\/v2\/media\/108401"}],"wp:attachment":[{"href":"https:\/\/www.keramika.com\/slovenija\/wp-json\/wp\/v2\/media?parent=108400"}],"wp:term":[{"taxonomy":"product_cat","embeddable":true,"href":"https:\/\/www.keramika.com\/slovenija\/wp-json\/wp\/v2\/product_cat?post=108400"},{"taxonomy":"product_tag","embeddable":true,"href":"https:\/\/www.keramika.com\/slovenija\/wp-json\/wp\/v2\/product_tag?post=108400"}],"curies":[{"name":"wp","href":"https:\/\/api.w.org\/{rel}","templated":true}]}}