{"id":108392,"date":"2017-03-23T03:09:00","date_gmt":"2017-03-23T03:09:00","guid":{"rendered":"http:\/\/keramika.holest.com\/slovenija\/product\/bouquet-ethnic\/"},"modified":"2026-01-05T00:01:47","modified_gmt":"2026-01-05T00:01:47","slug":"bouquet-ethnic","status":"publish","type":"product","link":"https:\/\/www.keramika.com\/slovenija\/bouquet-ethnic\/","title":{"rendered":"Bouquet Ethnic"},"content":{"rendered":"<p>Keramika v be\u017e barvi popestri vsak prostor. V redni prodaji bi morali za to plo\u0161\u010dico od\u0161teti 84,1 EUR, spletna cena pa zna\u0161a le 67,28 EUR. Z velikostjo 17,5&#215;20 cm je ta plo\u0161\u010dica primerna ze razli\u010dne povr\u0161ine. Plo\u0161\u010dica je debela kar mm, kar jo uvr\u0161\u010da med bolj trde plo\u0161\u010dice. Bouquet Ethnic je pripeljana iz \u0160panije in je zelo kvalitetna.<\/p>\n<p>Kliknite na ime kolekcije za ogled vseh plo\u0161\u010dic iz te serije: <a class=\"pdfcatal\" href=\"\/\/www.ceramictiles.com\/pdf\/bouquet\/catalogue_bouquet_ethnic.pdf\">Bouquet ceramic Ethnic<\/a><\/p>\n<p>\u010ce \u017eelite naro\u010diti model iz pdf kataloga te kolekcije, nam pi\u0161ite na: <a href=\"mailto:keramoteka.salon@gmail.com\">keramoteka.salon@gmail.com<\/a> ali pa nas pokli\u010dite na: +386 31 255 900.<\/p>\n<p>Technical description: 17,5&#215;30<\/p>\n","protected":false},"excerpt":{"rendered":"<p>Keramika v be\u017e barvi popestri vsak prostor. V redni prodaji bi morali za to plo\u0161\u010dico od\u0161teti 84,1 EUR, spletna cena pa zna\u0161a le 67,28 EUR. Z velikostjo 17,5&#215;20 cm je ta plo\u0161\u010dica primerna ze razli\u010dne povr\u0161ine. Plo\u0161\u010dica je debela kar mm, kar jo uvr\u0161\u010da med bolj trde plo\u0161\u010dice. Bouquet Ethnic je pripeljana iz \u0160panije in [&hellip;]<\/p>\n","protected":false},"featured_media":108393,"template":"","meta":[],"product_cat":[99921431,200,999,250],"product_tag":[],"_links":{"self":[{"href":"https:\/\/www.keramika.com\/slovenija\/wp-json\/wp\/v2\/product\/108392"}],"collection":[{"href":"https:\/\/www.keramika.com\/slovenija\/wp-json\/wp\/v2\/product"}],"about":[{"href":"https:\/\/www.keramika.com\/slovenija\/wp-json\/wp\/v2\/types\/product"}],"wp:featuredmedia":[{"embeddable":true,"href":"https:\/\/www.keramika.com\/slovenija\/wp-json\/wp\/v2\/media\/108393"}],"wp:attachment":[{"href":"https:\/\/www.keramika.com\/slovenija\/wp-json\/wp\/v2\/media?parent=108392"}],"wp:term":[{"taxonomy":"product_cat","embeddable":true,"href":"https:\/\/www.keramika.com\/slovenija\/wp-json\/wp\/v2\/product_cat?post=108392"},{"taxonomy":"product_tag","embeddable":true,"href":"https:\/\/www.keramika.com\/slovenija\/wp-json\/wp\/v2\/product_tag?post=108392"}],"curies":[{"name":"wp","href":"https:\/\/api.w.org\/{rel}","templated":true}]}}