{"id":108384,"date":"2017-03-23T03:08:46","date_gmt":"2017-03-23T03:08:46","guid":{"rendered":"http:\/\/keramika.holest.com\/slovenija\/product\/bouquet-diamonds-decor\/"},"modified":"2026-01-05T00:01:47","modified_gmt":"2026-01-05T00:01:47","slug":"bouquet-diamonds-decor","status":"publish","type":"product","link":"https:\/\/www.keramika.com\/slovenija\/bouquet-diamonds-decor\/","title":{"rendered":"Bouquet Diamonds Decor"},"content":{"rendered":"<p>mm debeline je dovolj tudi za zahtevnej\u0161e kupce. Zaradi ni\u017ejih stro\u0161kov pri spletni prodaji boste na na\u0161i strani za to plo\u0161\u010dico od\u0161teli le 61,42 EUR. Bouquet Diamonds Decor je plo\u0161\u010dica proizvajalca Bouquet ceramic in prihaja iz \u0160panije. Zelo moderna plo\u0161\u010dica v rumeni barvi popestri prav vsak prostor. Velikost te plo\u0161\u010dice je 17,5&#215;20 cm.<\/p>\n<p>Kliknite na ime kolekcije za ogled vseh plo\u0161\u010dic iz te serije: <a class=\"pdfcatal\" href=\"\/\/www.ceramictiles.com\/pdf\/bouquet\/catalogue_bouquet_diamonds.pdf\">Bouquet ceramic Diamonds<\/a><\/p>\n<p>\u010ce \u017eelite naro\u010diti model iz pdf kataloga te kolekcije, nam pi\u0161ite na: <a href=\"mailto:keramoteka.salon@gmail.com\">keramoteka.salon@gmail.com<\/a> ali pa nas pokli\u010dite na: +386 31 255 900.<\/p>\n<p>Technical description: 17,5&#215;30<\/p>\n","protected":false},"excerpt":{"rendered":"<p>mm debeline je dovolj tudi za zahtevnej\u0161e kupce. Zaradi ni\u017ejih stro\u0161kov pri spletni prodaji boste na na\u0161i strani za to plo\u0161\u010dico od\u0161teli le 61,42 EUR. Bouquet Diamonds Decor je plo\u0161\u010dica proizvajalca Bouquet ceramic in prihaja iz \u0160panije. Zelo moderna plo\u0161\u010dica v rumeni barvi popestri prav vsak prostor. Velikost te plo\u0161\u010dice je 17,5&#215;20 cm. Kliknite na [&hellip;]<\/p>\n","protected":false},"featured_media":108385,"template":"","meta":[],"product_cat":[99921431,200,999,250],"product_tag":[],"_links":{"self":[{"href":"https:\/\/www.keramika.com\/slovenija\/wp-json\/wp\/v2\/product\/108384"}],"collection":[{"href":"https:\/\/www.keramika.com\/slovenija\/wp-json\/wp\/v2\/product"}],"about":[{"href":"https:\/\/www.keramika.com\/slovenija\/wp-json\/wp\/v2\/types\/product"}],"wp:featuredmedia":[{"embeddable":true,"href":"https:\/\/www.keramika.com\/slovenija\/wp-json\/wp\/v2\/media\/108385"}],"wp:attachment":[{"href":"https:\/\/www.keramika.com\/slovenija\/wp-json\/wp\/v2\/media?parent=108384"}],"wp:term":[{"taxonomy":"product_cat","embeddable":true,"href":"https:\/\/www.keramika.com\/slovenija\/wp-json\/wp\/v2\/product_cat?post=108384"},{"taxonomy":"product_tag","embeddable":true,"href":"https:\/\/www.keramika.com\/slovenija\/wp-json\/wp\/v2\/product_tag?post=108384"}],"curies":[{"name":"wp","href":"https:\/\/api.w.org\/{rel}","templated":true}]}}