{"id":108376,"date":"2017-03-23T03:08:33","date_gmt":"2017-03-23T03:08:33","guid":{"rendered":"http:\/\/keramika.holest.com\/slovenija\/product\/bouquet-diamonds-3d\/"},"modified":"2026-01-05T00:01:47","modified_gmt":"2026-01-05T00:01:47","slug":"bouquet-diamonds-3d","status":"publish","type":"product","link":"https:\/\/www.keramika.com\/slovenija\/bouquet-diamonds-3d\/","title":{"rendered":"Bouquet Diamonds 3D"},"content":{"rendered":"<p>V redni prodaji bi morali za to plo\u0161\u010dico od\u0161teti 92,42 EUR, spletna cena pa zna\u0161a le 73,94 EUR. Ta plo\u0161\u010dica je debela mm in je zelo trpe\u017ena. Bouquet Diamonds 3D je pripeljana iz \u0160panije in je zelo kvalitetna. Letos so plo\u0161\u010dice v beli barvi zelo za\u017eeljene. Velikost te plo\u0161\u010dice je 17,5&#215;20 cm.<\/p>\n<p>Kliknite na ime kolekcije za ogled vseh plo\u0161\u010dic iz te serije: <a class=\"pdfcatal\" href=\"\/\/www.ceramictiles.com\/pdf\/bouquet\/catalogue_bouquet_diamonds.pdf\">Bouquet ceramic Diamonds<\/a><\/p>\n<p>\u010ce \u017eelite naro\u010diti model iz pdf kataloga te kolekcije, nam pi\u0161ite na: <a href=\"mailto:keramoteka.salon@gmail.com\">keramoteka.salon@gmail.com<\/a> ali pa nas pokli\u010dite na: +386 31 255 900.<\/p>\n<p>Technical description: 17,5&#215;30<\/p>\n","protected":false},"excerpt":{"rendered":"<p>V redni prodaji bi morali za to plo\u0161\u010dico od\u0161teti 92,42 EUR, spletna cena pa zna\u0161a le 73,94 EUR. Ta plo\u0161\u010dica je debela mm in je zelo trpe\u017ena. Bouquet Diamonds 3D je pripeljana iz \u0160panije in je zelo kvalitetna. Letos so plo\u0161\u010dice v beli barvi zelo za\u017eeljene. Velikost te plo\u0161\u010dice je 17,5&#215;20 cm. Kliknite na ime [&hellip;]<\/p>\n","protected":false},"featured_media":108377,"template":"","meta":[],"product_cat":[99921431,200,999,250],"product_tag":[99921971],"_links":{"self":[{"href":"https:\/\/www.keramika.com\/slovenija\/wp-json\/wp\/v2\/product\/108376"}],"collection":[{"href":"https:\/\/www.keramika.com\/slovenija\/wp-json\/wp\/v2\/product"}],"about":[{"href":"https:\/\/www.keramika.com\/slovenija\/wp-json\/wp\/v2\/types\/product"}],"wp:featuredmedia":[{"embeddable":true,"href":"https:\/\/www.keramika.com\/slovenija\/wp-json\/wp\/v2\/media\/108377"}],"wp:attachment":[{"href":"https:\/\/www.keramika.com\/slovenija\/wp-json\/wp\/v2\/media?parent=108376"}],"wp:term":[{"taxonomy":"product_cat","embeddable":true,"href":"https:\/\/www.keramika.com\/slovenija\/wp-json\/wp\/v2\/product_cat?post=108376"},{"taxonomy":"product_tag","embeddable":true,"href":"https:\/\/www.keramika.com\/slovenija\/wp-json\/wp\/v2\/product_tag?post=108376"}],"curies":[{"name":"wp","href":"https:\/\/api.w.org\/{rel}","templated":true}]}}