{"id":108368,"date":"2017-03-23T03:08:20","date_gmt":"2017-03-23T03:08:20","guid":{"rendered":"http:\/\/keramika.holest.com\/slovenija\/product\/bouquet-diamonds\/"},"modified":"2026-01-05T00:01:46","modified_gmt":"2026-01-05T00:01:46","slug":"bouquet-diamonds","status":"publish","type":"product","link":"https:\/\/www.keramika.com\/slovenija\/bouquet-diamonds\/","title":{"rendered":"Bouquet Diamonds"},"content":{"rendered":"<p>Zaradi ni\u017ejih stro\u0161kov pri spletni prodaji boste na na\u0161i strani za to plo\u0161\u010dico od\u0161teli le 61,42 EUR. Debelina plo\u0161\u010dice je zelo pomembna in mm uvr\u0161\u010da to plo\u0161\u010dico med najkvalitetnej\u0161e. Letos so plo\u0161\u010dice v \u010drni barvi zelo za\u017eeljene. Bouquet Diamonds je plo\u0161\u010dica proizvajalca Bouquet ceramic in prihaja iz \u0160panije. Velikost te plo\u0161\u010dice je 17,5&#215;20 cm in je primerna za razli\u010dne povr\u0161ine.<\/p>\n<p>Kliknite na ime kolekcije za ogled vseh plo\u0161\u010dic iz te serije: <a class=\"pdfcatal\" href=\"\/\/www.ceramictiles.com\/pdf\/bouquet\/catalogue_bouquet_diamonds.pdf\">Bouquet ceramic Diamonds<\/a><\/p>\n<p>\u010ce \u017eelite naro\u010diti model iz pdf kataloga te kolekcije, nam pi\u0161ite na: <a href=\"mailto:keramoteka.salon@gmail.com\">keramoteka.salon@gmail.com<\/a> ali pa nas pokli\u010dite na: +386 31 255 900.<\/p>\n<p>Technical description: 17,5&#215;30<\/p>\n","protected":false},"excerpt":{"rendered":"<p>Zaradi ni\u017ejih stro\u0161kov pri spletni prodaji boste na na\u0161i strani za to plo\u0161\u010dico od\u0161teli le 61,42 EUR. Debelina plo\u0161\u010dice je zelo pomembna in mm uvr\u0161\u010da to plo\u0161\u010dico med najkvalitetnej\u0161e. Letos so plo\u0161\u010dice v \u010drni barvi zelo za\u017eeljene. Bouquet Diamonds je plo\u0161\u010dica proizvajalca Bouquet ceramic in prihaja iz \u0160panije. Velikost te plo\u0161\u010dice je 17,5&#215;20 cm in [&hellip;]<\/p>\n","protected":false},"featured_media":108369,"template":"","meta":[],"product_cat":[99921431,200,999,250],"product_tag":[],"_links":{"self":[{"href":"https:\/\/www.keramika.com\/slovenija\/wp-json\/wp\/v2\/product\/108368"}],"collection":[{"href":"https:\/\/www.keramika.com\/slovenija\/wp-json\/wp\/v2\/product"}],"about":[{"href":"https:\/\/www.keramika.com\/slovenija\/wp-json\/wp\/v2\/types\/product"}],"wp:featuredmedia":[{"embeddable":true,"href":"https:\/\/www.keramika.com\/slovenija\/wp-json\/wp\/v2\/media\/108369"}],"wp:attachment":[{"href":"https:\/\/www.keramika.com\/slovenija\/wp-json\/wp\/v2\/media?parent=108368"}],"wp:term":[{"taxonomy":"product_cat","embeddable":true,"href":"https:\/\/www.keramika.com\/slovenija\/wp-json\/wp\/v2\/product_cat?post=108368"},{"taxonomy":"product_tag","embeddable":true,"href":"https:\/\/www.keramika.com\/slovenija\/wp-json\/wp\/v2\/product_tag?post=108368"}],"curies":[{"name":"wp","href":"https:\/\/api.w.org\/{rel}","templated":true}]}}