{"id":108352,"date":"2017-03-23T03:07:49","date_gmt":"2017-03-23T03:07:49","guid":{"rendered":"http:\/\/keramika.holest.com\/slovenija\/product\/bouquet-aurea-decor\/"},"modified":"2026-01-05T00:01:46","modified_gmt":"2026-01-05T00:01:46","slug":"bouquet-aurea-decor","status":"publish","type":"product","link":"https:\/\/www.keramika.com\/slovenija\/bouquet-aurea-decor\/","title":{"rendered":"Bouquet Aurea Decor"},"content":{"rendered":"<p>Bouquet Aurea Decor je pripeljana iz \u0160panije in je zelo kvalitetna. Ta plo\u0161\u010dica je debela mm in je zelo trpe\u017ena. Keramika v zeleni barvi popestri vsak prostor. Z velikostjo 17,5&#215;20 cm je ta plo\u0161\u010dica primerna ze razli\u010dne povr\u0161ine. Zaradi ni\u017ejih stro\u0161kov pri spletni prodaji boste na na\u0161i strani za to plo\u0161\u010dico od\u0161teli le 71,86 EUR.<\/p>\n<p>Kliknite na ime kolekcije za ogled vseh plo\u0161\u010dic iz te serije: <a class=\"pdfcatal\" href=\"\/\/www.ceramictiles.com\/pdf\/bouquet\/catalogue_bouquet_aurea.pdf\">Bouquet ceramic Aurea<\/a><\/p>\n<p>\u010ce \u017eelite naro\u010diti model iz pdf kataloga te kolekcije, nam pi\u0161ite na: <a href=\"mailto:keramoteka.salon@gmail.com\">keramoteka.salon@gmail.com<\/a> ali pa nas pokli\u010dite na: +386 31 255 900.<\/p>\n<p>Technical description: 17,5&#215;30<\/p>\n","protected":false},"excerpt":{"rendered":"<p>Bouquet Aurea Decor je pripeljana iz \u0160panije in je zelo kvalitetna. Ta plo\u0161\u010dica je debela mm in je zelo trpe\u017ena. Keramika v zeleni barvi popestri vsak prostor. Z velikostjo 17,5&#215;20 cm je ta plo\u0161\u010dica primerna ze razli\u010dne povr\u0161ine. Zaradi ni\u017ejih stro\u0161kov pri spletni prodaji boste na na\u0161i strani za to plo\u0161\u010dico od\u0161teli le 71,86 EUR. [&hellip;]<\/p>\n","protected":false},"featured_media":108353,"template":"","meta":[],"product_cat":[99921431,200,999,250],"product_tag":[],"_links":{"self":[{"href":"https:\/\/www.keramika.com\/slovenija\/wp-json\/wp\/v2\/product\/108352"}],"collection":[{"href":"https:\/\/www.keramika.com\/slovenija\/wp-json\/wp\/v2\/product"}],"about":[{"href":"https:\/\/www.keramika.com\/slovenija\/wp-json\/wp\/v2\/types\/product"}],"wp:featuredmedia":[{"embeddable":true,"href":"https:\/\/www.keramika.com\/slovenija\/wp-json\/wp\/v2\/media\/108353"}],"wp:attachment":[{"href":"https:\/\/www.keramika.com\/slovenija\/wp-json\/wp\/v2\/media?parent=108352"}],"wp:term":[{"taxonomy":"product_cat","embeddable":true,"href":"https:\/\/www.keramika.com\/slovenija\/wp-json\/wp\/v2\/product_cat?post=108352"},{"taxonomy":"product_tag","embeddable":true,"href":"https:\/\/www.keramika.com\/slovenija\/wp-json\/wp\/v2\/product_tag?post=108352"}],"curies":[{"name":"wp","href":"https:\/\/api.w.org\/{rel}","templated":true}]}}