{"id":108336,"date":"2017-03-23T03:07:22","date_gmt":"2017-03-23T03:07:22","guid":{"rendered":"http:\/\/keramika.holest.com\/slovenija\/product\/realonda-zaire-crema\/"},"modified":"2026-01-05T00:01:46","modified_gmt":"2026-01-05T00:01:46","slug":"realonda-zaire-crema","status":"publish","type":"product","link":"https:\/\/www.keramika.com\/slovenija\/realonda-zaire-crema\/","title":{"rendered":"Realonda Zaire Crema"},"content":{"rendered":"<p>Na spletu boste za to plo\u0161\u010dico od\u0161teli le 32,75 EUR, medtem ko v redni prodaji cena zna\u0161a 40,93 EUR. Letos so plo\u0161\u010dice v be\u017e barvi zelo za\u017eeljene. Velikost te plo\u0161\u010dice je 25&#215;33 cm. 9 mm je debelina, ki zadovolji tudi zahtevnej\u0161e kupce. Realonda Zaire Crema je plo\u0161\u010dica proizvajalca Realonda Ceramica in prihaja iz \u0160panije.<\/p>\n<p>Kliknite na ime kolekcije za ogled vseh plo\u0161\u010dic iz te serije: <a class=\"pdfcatal\" href=\"\/\/www.ceramictiles.com\/pdf\/realonda\/zaire.pdf\">Realonda Ceramica Zaire<\/a><\/p>\n<p>\u010ce \u017eelite naro\u010diti model iz pdf kataloga te kolekcije, nam pi\u0161ite na: <a href=\"mailto:keramoteka.salon@gmail.com\">keramoteka.salon@gmail.com<\/a> ali pa nas pokli\u010dite na: +386 31 255 900.<\/p>\n<p>Technical description: 28,5&#215;33<\/p>\n","protected":false},"excerpt":{"rendered":"<p>Na spletu boste za to plo\u0161\u010dico od\u0161teli le 32,75 EUR, medtem ko v redni prodaji cena zna\u0161a 40,93 EUR. Letos so plo\u0161\u010dice v be\u017e barvi zelo za\u017eeljene. Velikost te plo\u0161\u010dice je 25&#215;33 cm. 9 mm je debelina, ki zadovolji tudi zahtevnej\u0161e kupce. Realonda Zaire Crema je plo\u0161\u010dica proizvajalca Realonda Ceramica in prihaja iz \u0160panije. Kliknite [&hellip;]<\/p>\n","protected":false},"featured_media":108337,"template":"","meta":[],"product_cat":[200,220,230,999,999114],"product_tag":[],"_links":{"self":[{"href":"https:\/\/www.keramika.com\/slovenija\/wp-json\/wp\/v2\/product\/108336"}],"collection":[{"href":"https:\/\/www.keramika.com\/slovenija\/wp-json\/wp\/v2\/product"}],"about":[{"href":"https:\/\/www.keramika.com\/slovenija\/wp-json\/wp\/v2\/types\/product"}],"wp:featuredmedia":[{"embeddable":true,"href":"https:\/\/www.keramika.com\/slovenija\/wp-json\/wp\/v2\/media\/108337"}],"wp:attachment":[{"href":"https:\/\/www.keramika.com\/slovenija\/wp-json\/wp\/v2\/media?parent=108336"}],"wp:term":[{"taxonomy":"product_cat","embeddable":true,"href":"https:\/\/www.keramika.com\/slovenija\/wp-json\/wp\/v2\/product_cat?post=108336"},{"taxonomy":"product_tag","embeddable":true,"href":"https:\/\/www.keramika.com\/slovenija\/wp-json\/wp\/v2\/product_tag?post=108336"}],"curies":[{"name":"wp","href":"https:\/\/api.w.org\/{rel}","templated":true}]}}