{"id":108306,"date":"2017-09-05T03:06:35","date_gmt":"2017-09-05T03:06:35","guid":{"rendered":"http:\/\/keramika.holest.com\/slovenija\/product\/realonda-tiffany-oro\/"},"modified":"2026-01-05T00:01:45","modified_gmt":"2026-01-05T00:01:45","slug":"realonda-tiffany-oro","status":"publish","type":"product","link":"https:\/\/www.keramika.com\/slovenija\/realonda-tiffany-oro\/","title":{"rendered":"Realonda Tiffany Oro"},"content":{"rendered":"<p>Ta plo\u0161\u010dica prihaja iz \u0160panije, ki je znana po kvalitetni keramiki. Ta plo\u0161\u010dica je debela 9 mm in je zelo trpe\u017ena. Velikost te plo\u0161\u010dice je 33&#215;60 cm in je primerna za razli\u010dne povr\u0161ine. Namesto 28,76 EUR kot bi za to plo\u0161\u010dico od\u0161teli v klasi\u010dni trgovini, boste v na\u0161i spletni prodajalni od\u0161teli le 23,01 EUR. Ta model plo\u0161\u010dice se najbolje prodaja v zlati barvi.<\/p>\n<p>Kliknite na ime kolekcije za ogled vseh plo\u0161\u010dic iz te serije: <a class=\"pdfcatal\" href=\"\/\/www.ceramictiles.com\/pdf\/realonda\/tiffany.pdf\">Realonda Ceramica Tiffany<\/a><\/p>\n<p>\u010ce \u017eelite naro\u010diti model iz pdf kataloga te kolekcije, nam pi\u0161ite na: <a href=\"mailto:keramoteka.salon@gmail.com\">keramoteka.salon@gmail.com<\/a> ali pa nas pokli\u010dite na: +386 31 255 900.<\/p>\n<p>Stoneware<br \/>\n7 kosov \/ \u0161katla<br \/>\n1,38 m2 \/ \u0161katla<br \/>\n26,09 kg \/ \u0161katla<\/p>\n","protected":false},"excerpt":{"rendered":"<p>3D zlate in srebrne stenske plo\u0161\u010dice<\/p>\n","protected":false},"featured_media":108307,"template":"","meta":[],"product_cat":[200,220,230,999,290,999114,250],"product_tag":[99921971,99921978],"_links":{"self":[{"href":"https:\/\/www.keramika.com\/slovenija\/wp-json\/wp\/v2\/product\/108306"}],"collection":[{"href":"https:\/\/www.keramika.com\/slovenija\/wp-json\/wp\/v2\/product"}],"about":[{"href":"https:\/\/www.keramika.com\/slovenija\/wp-json\/wp\/v2\/types\/product"}],"wp:featuredmedia":[{"embeddable":true,"href":"https:\/\/www.keramika.com\/slovenija\/wp-json\/wp\/v2\/media\/108307"}],"wp:attachment":[{"href":"https:\/\/www.keramika.com\/slovenija\/wp-json\/wp\/v2\/media?parent=108306"}],"wp:term":[{"taxonomy":"product_cat","embeddable":true,"href":"https:\/\/www.keramika.com\/slovenija\/wp-json\/wp\/v2\/product_cat?post=108306"},{"taxonomy":"product_tag","embeddable":true,"href":"https:\/\/www.keramika.com\/slovenija\/wp-json\/wp\/v2\/product_tag?post=108306"}],"curies":[{"name":"wp","href":"https:\/\/api.w.org\/{rel}","templated":true}]}}