{"id":108303,"date":"2017-03-23T03:06:27","date_gmt":"2017-03-23T03:06:27","guid":{"rendered":"http:\/\/keramika.holest.com\/slovenija\/product\/realonda-teiki-negro\/"},"modified":"2026-01-05T00:01:45","modified_gmt":"2026-01-05T00:01:45","slug":"realonda-teiki-negro","status":"publish","type":"product","link":"https:\/\/www.keramika.com\/slovenija\/realonda-teiki-negro\/","title":{"rendered":"Realonda Teiki Negro"},"content":{"rendered":"<p>Zelo moderna plo\u0161\u010dica v \u010drni barvi popestri prav vsak prostor. Realonda Teiki Negro je na voljo po zelo ugodni ceni 28,25 EUR. Realonda Teiki Negro prihaja iz \u0160panije, ki je znana po zelo kvalitetni keramiki v svetovnem merilu. Dimenzije te plo\u0161\u010dice so 31&#215;56 cm. Debelina kar 9 mm dela to plo\u0161\u010dico zelo trpe\u017eno in presti\u017eno na otip.<\/p>\n<p>Kliknite na ime kolekcije za ogled vseh plo\u0161\u010dic iz te serije: <a class=\"pdfcatal\" href=\"\/\/www.ceramictiles.com\/pdf\/realonda\/teiki.pdf\">Realonda Ceramica Teiki<\/a><\/p>\n<p>\u010ce \u017eelite naro\u010diti model iz pdf kataloga te kolekcije, nam pi\u0161ite na: <a href=\"mailto:keramoteka.salon@gmail.com\">keramoteka.salon@gmail.com<\/a> ali pa nas pokli\u010dite na: +386 31 255 900.<\/p>\n","protected":false},"excerpt":{"rendered":"<p>Zelo moderna plo\u0161\u010dica v \u010drni barvi popestri prav vsak prostor. Realonda Teiki Negro je na voljo po zelo ugodni ceni 28,25 EUR. Realonda Teiki Negro prihaja iz \u0160panije, ki je znana po zelo kvalitetni keramiki v svetovnem merilu. Dimenzije te plo\u0161\u010dice so 31&#215;56 cm. Debelina kar 9 mm dela to plo\u0161\u010dico zelo trpe\u017eno in presti\u017eno [&hellip;]<\/p>\n","protected":false},"featured_media":108304,"template":"","meta":[],"product_cat":[200,220,230,999,999114],"product_tag":[],"_links":{"self":[{"href":"https:\/\/www.keramika.com\/slovenija\/wp-json\/wp\/v2\/product\/108303"}],"collection":[{"href":"https:\/\/www.keramika.com\/slovenija\/wp-json\/wp\/v2\/product"}],"about":[{"href":"https:\/\/www.keramika.com\/slovenija\/wp-json\/wp\/v2\/types\/product"}],"wp:featuredmedia":[{"embeddable":true,"href":"https:\/\/www.keramika.com\/slovenija\/wp-json\/wp\/v2\/media\/108304"}],"wp:attachment":[{"href":"https:\/\/www.keramika.com\/slovenija\/wp-json\/wp\/v2\/media?parent=108303"}],"wp:term":[{"taxonomy":"product_cat","embeddable":true,"href":"https:\/\/www.keramika.com\/slovenija\/wp-json\/wp\/v2\/product_cat?post=108303"},{"taxonomy":"product_tag","embeddable":true,"href":"https:\/\/www.keramika.com\/slovenija\/wp-json\/wp\/v2\/product_tag?post=108303"}],"curies":[{"name":"wp","href":"https:\/\/api.w.org\/{rel}","templated":true}]}}