{"id":108267,"date":"2017-03-23T03:05:21","date_gmt":"2017-03-23T03:05:21","guid":{"rendered":"http:\/\/keramika.holest.com\/slovenija\/product\/realonda-ribera-color\/"},"modified":"2026-01-05T00:01:44","modified_gmt":"2026-01-05T00:01:44","slug":"realonda-ribera-color","status":"publish","type":"product","link":"https:\/\/www.keramika.com\/slovenija\/realonda-ribera-color\/","title":{"rendered":"Realonda Ribera Color"},"content":{"rendered":"<p>Namesto 39,82 EUR kot bi za to plo\u0161\u010dico od\u0161teli v klasi\u010dni trgovini, boste v na\u0161i spletni prodajalni od\u0161teli le 31,86 EUR. Velikost te plo\u0161\u010dice je 31&#215;56 cm. To plo\u0161\u010dico je izdelal proizvajalec Realonda Ceramica, ki prihaja iz \u0160panije. Ta kerami\u010dna plo\u0161\u010dica v \u010dudoviti rjavi barvi bo obogatila vsak prostor. Ta plo\u0161\u010dica je debela 9 mm in je zelo trpe\u017ena.<\/p>\n<p>Kliknite na ime kolekcije za ogled vseh plo\u0161\u010dic iz te serije: <a class=\"pdfcatal\" href=\"\/\/www.ceramictiles.com\/pdf\/realonda\/ribera.pdf\">Realonda Ceramica Ribera<\/a><\/p>\n<p>\u010ce \u017eelite naro\u010diti model iz pdf kataloga te kolekcije, nam pi\u0161ite na: <a href=\"mailto:keramoteka.salon@gmail.com\">keramoteka.salon@gmail.com<\/a> ali pa nas pokli\u010dite na: +386 31 255 900.<\/p>\n","protected":false},"excerpt":{"rendered":"<p>Namesto 39,82 EUR kot bi za to plo\u0161\u010dico od\u0161teli v klasi\u010dni trgovini, boste v na\u0161i spletni prodajalni od\u0161teli le 31,86 EUR. Velikost te plo\u0161\u010dice je 31&#215;56 cm. To plo\u0161\u010dico je izdelal proizvajalec Realonda Ceramica, ki prihaja iz \u0160panije. Ta kerami\u010dna plo\u0161\u010dica v \u010dudoviti rjavi barvi bo obogatila vsak prostor. Ta plo\u0161\u010dica je debela 9 mm [&hellip;]<\/p>\n","protected":false},"featured_media":108268,"template":"","meta":[],"product_cat":[200,220,230,999,999114],"product_tag":[],"_links":{"self":[{"href":"https:\/\/www.keramika.com\/slovenija\/wp-json\/wp\/v2\/product\/108267"}],"collection":[{"href":"https:\/\/www.keramika.com\/slovenija\/wp-json\/wp\/v2\/product"}],"about":[{"href":"https:\/\/www.keramika.com\/slovenija\/wp-json\/wp\/v2\/types\/product"}],"wp:featuredmedia":[{"embeddable":true,"href":"https:\/\/www.keramika.com\/slovenija\/wp-json\/wp\/v2\/media\/108268"}],"wp:attachment":[{"href":"https:\/\/www.keramika.com\/slovenija\/wp-json\/wp\/v2\/media?parent=108267"}],"wp:term":[{"taxonomy":"product_cat","embeddable":true,"href":"https:\/\/www.keramika.com\/slovenija\/wp-json\/wp\/v2\/product_cat?post=108267"},{"taxonomy":"product_tag","embeddable":true,"href":"https:\/\/www.keramika.com\/slovenija\/wp-json\/wp\/v2\/product_tag?post=108267"}],"curies":[{"name":"wp","href":"https:\/\/api.w.org\/{rel}","templated":true}]}}