{"id":108244,"date":"2017-03-23T03:04:35","date_gmt":"2017-03-23T03:04:35","guid":{"rendered":"http:\/\/keramika.holest.com\/slovenija\/product\/realonda-oxford-terra\/"},"modified":"2026-01-05T00:01:43","modified_gmt":"2026-01-05T00:01:43","slug":"realonda-oxford-terra","status":"publish","type":"product","link":"https:\/\/www.keramika.com\/slovenija\/realonda-oxford-terra\/","title":{"rendered":"Realonda Oxford Terra"},"content":{"rendered":"<p>\u0160irina in dol\u017eina te plo\u0161\u010dice sta 33,3&#215;33,3 cm. To plo\u0161\u010dico je izdelal proizvajalec Realonda Ceramica, ki prihaja iz \u0160panije. Ta model plo\u0161\u010dice se najbolje prodaja v rjavi barvi. Namesto 25,08 EUR kot bi za to plo\u0161\u010dico od\u0161teli v klasi\u010dni trgovini, boste v na\u0161i spletni prodajalni od\u0161teli le 20,06 EUR. Debelina kar 9 mm dela to plo\u0161\u010dico zelo trpe\u017eno in presti\u017eno na otip.<\/p>\n<p>Kliknite na ime kolekcije za ogled vseh plo\u0161\u010dic iz te serije: <a class=\"pdfcatal\" href=\"\/\/www.ceramictiles.com\/pdf\/realonda\/oxford.pdf\">Realonda Ceramica Oxford<\/a><\/p>\n<p>\u010ce \u017eelite naro\u010diti model iz pdf kataloga te kolekcije, nam pi\u0161ite na: <a href=\"mailto:keramoteka.salon@gmail.com\">keramoteka.salon@gmail.com<\/a> ali pa nas pokli\u010dite na: +386 31 255 900.<\/p>\n","protected":false},"excerpt":{"rendered":"<p>\u0160irina in dol\u017eina te plo\u0161\u010dice sta 33,3&#215;33,3 cm. To plo\u0161\u010dico je izdelal proizvajalec Realonda Ceramica, ki prihaja iz \u0160panije. Ta model plo\u0161\u010dice se najbolje prodaja v rjavi barvi. Namesto 25,08 EUR kot bi za to plo\u0161\u010dico od\u0161teli v klasi\u010dni trgovini, boste v na\u0161i spletni prodajalni od\u0161teli le 20,06 EUR. Debelina kar 9 mm dela to [&hellip;]<\/p>\n","protected":false},"featured_media":108245,"template":"","meta":[],"product_cat":[200,220,230,999,999114],"product_tag":[],"_links":{"self":[{"href":"https:\/\/www.keramika.com\/slovenija\/wp-json\/wp\/v2\/product\/108244"}],"collection":[{"href":"https:\/\/www.keramika.com\/slovenija\/wp-json\/wp\/v2\/product"}],"about":[{"href":"https:\/\/www.keramika.com\/slovenija\/wp-json\/wp\/v2\/types\/product"}],"wp:featuredmedia":[{"embeddable":true,"href":"https:\/\/www.keramika.com\/slovenija\/wp-json\/wp\/v2\/media\/108245"}],"wp:attachment":[{"href":"https:\/\/www.keramika.com\/slovenija\/wp-json\/wp\/v2\/media?parent=108244"}],"wp:term":[{"taxonomy":"product_cat","embeddable":true,"href":"https:\/\/www.keramika.com\/slovenija\/wp-json\/wp\/v2\/product_cat?post=108244"},{"taxonomy":"product_tag","embeddable":true,"href":"https:\/\/www.keramika.com\/slovenija\/wp-json\/wp\/v2\/product_tag?post=108244"}],"curies":[{"name":"wp","href":"https:\/\/api.w.org\/{rel}","templated":true}]}}