{"id":108228,"date":"2018-01-06T03:04:04","date_gmt":"2018-01-06T03:04:04","guid":{"rendered":"http:\/\/keramika.holest.com\/slovenija\/product\/realonda-opal-blanco\/"},"modified":"2026-01-05T00:01:42","modified_gmt":"2026-01-05T00:01:42","slug":"realonda-opal-blanco","status":"publish","type":"product","link":"https:\/\/www.keramika.com\/slovenija\/realonda-opal-blanco\/","title":{"rendered":"Realonda Opal Blanco"},"content":{"rendered":"<p>Zaradi ni\u017ejih stro\u0161kov pri spletni prodaji boste na na\u0161i strani za to plo\u0161\u010dico od\u0161teli le 32,75 EUR. Ta plo\u0161\u010dica prihaja iz \u0160panije, ki je znana po kvalitetni keramiki. Debelina kar 9 mm dela to plo\u0161\u010dico zelo trpe\u017eno in presti\u017eno na otip. Ta model plo\u0161\u010dice se najbolje prodaja v beli barvi. Plo\u0161\u010dica na sliki je velika 25&#215;33 cm.<\/p>\n<p>Kliknite na ime kolekcije za ogled vseh plo\u0161\u010dic iz te serije: <a class=\"pdfcatal\" href=\"\/\/www.ceramictiles.com\/pdf\/realonda\/opal.pdf\">Realonda Ceramica Opal<\/a><\/p>\n<p>\u010ce \u017eelite naro\u010diti model iz pdf kataloga te kolekcije, nam pi\u0161ite na: <a href=\"mailto:keramoteka.salon@gmail.com\">keramoteka.salon@gmail.com<\/a> ali pa nas pokli\u010dite na: +386 31 255 900.<\/p>\n<p>Technical description: 28,5&#215;33<\/p>\n","protected":false},"excerpt":{"rendered":"<p>Enobarvne heksagonalne plo\u0161\u010dice ta tla<\/p>\n","protected":false},"featured_media":108229,"template":"","meta":[],"product_cat":[200,220,230,999,999114,250,240],"product_tag":[99921970,99921978,99921980],"_links":{"self":[{"href":"https:\/\/www.keramika.com\/slovenija\/wp-json\/wp\/v2\/product\/108228"}],"collection":[{"href":"https:\/\/www.keramika.com\/slovenija\/wp-json\/wp\/v2\/product"}],"about":[{"href":"https:\/\/www.keramika.com\/slovenija\/wp-json\/wp\/v2\/types\/product"}],"wp:featuredmedia":[{"embeddable":true,"href":"https:\/\/www.keramika.com\/slovenija\/wp-json\/wp\/v2\/media\/108229"}],"wp:attachment":[{"href":"https:\/\/www.keramika.com\/slovenija\/wp-json\/wp\/v2\/media?parent=108228"}],"wp:term":[{"taxonomy":"product_cat","embeddable":true,"href":"https:\/\/www.keramika.com\/slovenija\/wp-json\/wp\/v2\/product_cat?post=108228"},{"taxonomy":"product_tag","embeddable":true,"href":"https:\/\/www.keramika.com\/slovenija\/wp-json\/wp\/v2\/product_tag?post=108228"}],"curies":[{"name":"wp","href":"https:\/\/api.w.org\/{rel}","templated":true}]}}