{"id":108220,"date":"2017-03-23T03:03:52","date_gmt":"2017-03-23T03:03:52","guid":{"rendered":"http:\/\/keramika.holest.com\/slovenija\/product\/realonda-niagara-antracita\/"},"modified":"2026-01-05T00:01:42","modified_gmt":"2026-01-05T00:01:42","slug":"realonda-niagara-antracita","status":"publish","type":"product","link":"https:\/\/www.keramika.com\/slovenija\/realonda-niagara-antracita\/","title":{"rendered":"Realonda Niagara Antracita"},"content":{"rendered":"<p>Zelo moderna plo\u0161\u010dica v \u010drni barvi popestri prav vsak prostor. Zaradi ni\u017ejih stro\u0161kov pri spletni prodaji boste na na\u0161i strani za to plo\u0161\u010dico od\u0161teli le 31,86 EUR. Z 31&#215;56 cm je ta plo\u0161\u010dica primerna za razli\u010dne podlage. Realonda Niagara Antracita je pripeljana iz \u0160panije in je zelo kvalitetna. Ta plo\u0161\u010dica je debela 9 mm in je zelo trpe\u017ena.<\/p>\n<p>Kliknite na ime kolekcije za ogled vseh plo\u0161\u010dic iz te serije: <a class=\"pdfcatal\" href=\"\/\/www.ceramictiles.com\/pdf\/realonda\/niagara.pdf\">Realonda Ceramica Niagara<\/a><\/p>\n<p>\u010ce \u017eelite naro\u010diti model iz pdf kataloga te kolekcije, nam pi\u0161ite na: <a href=\"mailto:keramoteka.salon@gmail.com\">keramoteka.salon@gmail.com<\/a> ali pa nas pokli\u010dite na: +386 31 255 900.<\/p>\n","protected":false},"excerpt":{"rendered":"<p>Zelo moderna plo\u0161\u010dica v \u010drni barvi popestri prav vsak prostor. Zaradi ni\u017ejih stro\u0161kov pri spletni prodaji boste na na\u0161i strani za to plo\u0161\u010dico od\u0161teli le 31,86 EUR. Z 31&#215;56 cm je ta plo\u0161\u010dica primerna za razli\u010dne podlage. Realonda Niagara Antracita je pripeljana iz \u0160panije in je zelo kvalitetna. Ta plo\u0161\u010dica je debela 9 mm in [&hellip;]<\/p>\n","protected":false},"featured_media":108221,"template":"","meta":[],"product_cat":[200,220,230,999,999114],"product_tag":[],"_links":{"self":[{"href":"https:\/\/www.keramika.com\/slovenija\/wp-json\/wp\/v2\/product\/108220"}],"collection":[{"href":"https:\/\/www.keramika.com\/slovenija\/wp-json\/wp\/v2\/product"}],"about":[{"href":"https:\/\/www.keramika.com\/slovenija\/wp-json\/wp\/v2\/types\/product"}],"wp:featuredmedia":[{"embeddable":true,"href":"https:\/\/www.keramika.com\/slovenija\/wp-json\/wp\/v2\/media\/108221"}],"wp:attachment":[{"href":"https:\/\/www.keramika.com\/slovenija\/wp-json\/wp\/v2\/media?parent=108220"}],"wp:term":[{"taxonomy":"product_cat","embeddable":true,"href":"https:\/\/www.keramika.com\/slovenija\/wp-json\/wp\/v2\/product_cat?post=108220"},{"taxonomy":"product_tag","embeddable":true,"href":"https:\/\/www.keramika.com\/slovenija\/wp-json\/wp\/v2\/product_tag?post=108220"}],"curies":[{"name":"wp","href":"https:\/\/api.w.org\/{rel}","templated":true}]}}