{"id":108213,"date":"2017-03-23T03:03:39","date_gmt":"2017-03-23T03:03:39","guid":{"rendered":"http:\/\/keramika.holest.com\/slovenija\/product\/realonda-moon\/"},"modified":"2026-01-05T00:01:42","modified_gmt":"2026-01-05T00:01:42","slug":"realonda-moon","status":"publish","type":"product","link":"https:\/\/www.keramika.com\/slovenija\/realonda-moon\/","title":{"rendered":"Realonda Moon"},"content":{"rendered":"<p>Namesto 35,03 EUR kot bi za to plo\u0161\u010dico od\u0161teli v klasi\u010dni trgovini, boste v na\u0161i spletni prodajalni od\u0161teli le 28,02 EUR. Prihaja iz \u0160panije, ki po svetu slovi kot ena bolj\u0161ih proizvajalk kerami\u010dnih plo\u0161\u010dic. Ta kerami\u010dna plo\u0161\u010dica v \u010dudoviti rde\u010di barvi bo obogatila vsak prostor. 9 mm debeline je dovolj tudi za zahtevnej\u0161e kupce. Plo\u0161\u010dica na sliki je velika 44&#215;44 cm.<\/p>\n<p>Kliknite na ime kolekcije za ogled vseh plo\u0161\u010dic iz te serije: <a class=\"pdfcatal\" href=\"\/\/www.ceramictiles.com\/pdf\/realonda\/moon.pdf\">Realonda Ceramica Moon<\/a><\/p>\n<p>\u010ce \u017eelite naro\u010diti model iz pdf kataloga te kolekcije, nam pi\u0161ite na: <a href=\"mailto:keramoteka.salon@gmail.com\">keramoteka.salon@gmail.com<\/a> ali pa nas pokli\u010dite na: +386 31 255 900.<\/p>\n","protected":false},"excerpt":{"rendered":"<p>Namesto 35,03 EUR kot bi za to plo\u0161\u010dico od\u0161teli v klasi\u010dni trgovini, boste v na\u0161i spletni prodajalni od\u0161teli le 28,02 EUR. Prihaja iz \u0160panije, ki po svetu slovi kot ena bolj\u0161ih proizvajalk kerami\u010dnih plo\u0161\u010dic. Ta kerami\u010dna plo\u0161\u010dica v \u010dudoviti rde\u010di barvi bo obogatila vsak prostor. 9 mm debeline je dovolj tudi za zahtevnej\u0161e kupce. Plo\u0161\u010dica [&hellip;]<\/p>\n","protected":false},"featured_media":108214,"template":"","meta":[],"product_cat":[200,220,230,999,999114],"product_tag":[],"_links":{"self":[{"href":"https:\/\/www.keramika.com\/slovenija\/wp-json\/wp\/v2\/product\/108213"}],"collection":[{"href":"https:\/\/www.keramika.com\/slovenija\/wp-json\/wp\/v2\/product"}],"about":[{"href":"https:\/\/www.keramika.com\/slovenija\/wp-json\/wp\/v2\/types\/product"}],"wp:featuredmedia":[{"embeddable":true,"href":"https:\/\/www.keramika.com\/slovenija\/wp-json\/wp\/v2\/media\/108214"}],"wp:attachment":[{"href":"https:\/\/www.keramika.com\/slovenija\/wp-json\/wp\/v2\/media?parent=108213"}],"wp:term":[{"taxonomy":"product_cat","embeddable":true,"href":"https:\/\/www.keramika.com\/slovenija\/wp-json\/wp\/v2\/product_cat?post=108213"},{"taxonomy":"product_tag","embeddable":true,"href":"https:\/\/www.keramika.com\/slovenija\/wp-json\/wp\/v2\/product_tag?post=108213"}],"curies":[{"name":"wp","href":"https:\/\/api.w.org\/{rel}","templated":true}]}}