{"id":108205,"date":"2017-03-23T03:03:26","date_gmt":"2017-03-23T03:03:26","guid":{"rendered":"http:\/\/keramika.holest.com\/slovenija\/product\/realonda-megane-color\/"},"modified":"2026-01-05T00:01:42","modified_gmt":"2026-01-05T00:01:42","slug":"realonda-megane-color","status":"publish","type":"product","link":"https:\/\/www.keramika.com\/slovenija\/realonda-megane-color\/","title":{"rendered":"Realonda Megane Color"},"content":{"rendered":"<p>Ta plo\u0161\u010dica je na voljo v \u010dudoviti be\u017e barvi, \u010de \u017eelite kak\u0161no drugo barvo pa nas kontaktirajte in preverili bomo pri proizvajalcu. 9 mm debeline je dovolj tudi za zahtevnej\u0161e kupce. Realonda Megane Color je plo\u0161\u010dica proizvajalca Realonda Ceramica in prihaja iz \u0160panije. Velikost te plo\u0161\u010dice je 31&#215;56 cm. Na spletu boste za to plo\u0161\u010dico od\u0161teli le 31,86 EUR, medtem ko v redni prodaji cena zna\u0161a 39,82 EUR.<\/p>\n<p>Kliknite na ime kolekcije za ogled vseh plo\u0161\u010dic iz te serije: <a class=\"pdfcatal\" href=\"\/\/www.ceramictiles.com\/pdf\/realonda\/megane.pdf\">Realonda Ceramica Megane<\/a><\/p>\n<p>\u010ce \u017eelite naro\u010diti model iz pdf kataloga te kolekcije, nam pi\u0161ite na: <a href=\"mailto:keramoteka.salon@gmail.com\">keramoteka.salon@gmail.com<\/a> ali pa nas pokli\u010dite na: +386 31 255 900.<\/p>\n","protected":false},"excerpt":{"rendered":"<p>Ta plo\u0161\u010dica je na voljo v \u010dudoviti be\u017e barvi, \u010de \u017eelite kak\u0161no drugo barvo pa nas kontaktirajte in preverili bomo pri proizvajalcu. 9 mm debeline je dovolj tudi za zahtevnej\u0161e kupce. Realonda Megane Color je plo\u0161\u010dica proizvajalca Realonda Ceramica in prihaja iz \u0160panije. Velikost te plo\u0161\u010dice je 31&#215;56 cm. Na spletu boste za to plo\u0161\u010dico [&hellip;]<\/p>\n","protected":false},"featured_media":108206,"template":"","meta":[],"product_cat":[200,220,230,999,999114],"product_tag":[],"_links":{"self":[{"href":"https:\/\/www.keramika.com\/slovenija\/wp-json\/wp\/v2\/product\/108205"}],"collection":[{"href":"https:\/\/www.keramika.com\/slovenija\/wp-json\/wp\/v2\/product"}],"about":[{"href":"https:\/\/www.keramika.com\/slovenija\/wp-json\/wp\/v2\/types\/product"}],"wp:featuredmedia":[{"embeddable":true,"href":"https:\/\/www.keramika.com\/slovenija\/wp-json\/wp\/v2\/media\/108206"}],"wp:attachment":[{"href":"https:\/\/www.keramika.com\/slovenija\/wp-json\/wp\/v2\/media?parent=108205"}],"wp:term":[{"taxonomy":"product_cat","embeddable":true,"href":"https:\/\/www.keramika.com\/slovenija\/wp-json\/wp\/v2\/product_cat?post=108205"},{"taxonomy":"product_tag","embeddable":true,"href":"https:\/\/www.keramika.com\/slovenija\/wp-json\/wp\/v2\/product_tag?post=108205"}],"curies":[{"name":"wp","href":"https:\/\/api.w.org\/{rel}","templated":true}]}}