{"id":108179,"date":"2017-03-23T03:02:41","date_gmt":"2017-03-23T03:02:41","guid":{"rendered":"http:\/\/keramika.holest.com\/slovenija\/product\/realonda-luxor-oro\/"},"modified":"2026-01-05T00:01:41","modified_gmt":"2026-01-05T00:01:41","slug":"realonda-luxor-oro","status":"publish","type":"product","link":"https:\/\/www.keramika.com\/slovenija\/realonda-luxor-oro\/","title":{"rendered":"Realonda Luxor Oro"},"content":{"rendered":"<p>9 mm debeline je dovolj tudi za zahtevnej\u0161e kupce. Realonda Luxor Oro je plo\u0161\u010dica proizvajalca Realonda Ceramica in prihaja iz \u0160panije. Keramika v zlati barvi popestri vsak prostor. Realonda Luxor Oro je na voljo po zelo ugodni ceni 31,86 EUR. Z velikostjo 31&#215;56 cm je ta plo\u0161\u010dica primerna ze razli\u010dne povr\u0161ine.<\/p>\n<p>Kliknite na ime kolekcije za ogled vseh plo\u0161\u010dic iz te serije: <a class=\"pdfcatal\" href=\"\/\/www.ceramictiles.com\/pdf\/realonda\/luxor.pdf\">Realonda Ceramica Luxor<\/a><\/p>\n<p>\u010ce \u017eelite naro\u010diti model iz pdf kataloga te kolekcije, nam pi\u0161ite na: <a href=\"mailto:keramoteka.salon@gmail.com\">keramoteka.salon@gmail.com<\/a> ali pa nas pokli\u010dite na: +386 31 255 900.<\/p>\n","protected":false},"excerpt":{"rendered":"<p>9 mm debeline je dovolj tudi za zahtevnej\u0161e kupce. Realonda Luxor Oro je plo\u0161\u010dica proizvajalca Realonda Ceramica in prihaja iz \u0160panije. Keramika v zlati barvi popestri vsak prostor. Realonda Luxor Oro je na voljo po zelo ugodni ceni 31,86 EUR. Z velikostjo 31&#215;56 cm je ta plo\u0161\u010dica primerna ze razli\u010dne povr\u0161ine. Kliknite na ime kolekcije [&hellip;]<\/p>\n","protected":false},"featured_media":108180,"template":"","meta":[],"product_cat":[200,220,230,999,999114],"product_tag":[],"_links":{"self":[{"href":"https:\/\/www.keramika.com\/slovenija\/wp-json\/wp\/v2\/product\/108179"}],"collection":[{"href":"https:\/\/www.keramika.com\/slovenija\/wp-json\/wp\/v2\/product"}],"about":[{"href":"https:\/\/www.keramika.com\/slovenija\/wp-json\/wp\/v2\/types\/product"}],"wp:featuredmedia":[{"embeddable":true,"href":"https:\/\/www.keramika.com\/slovenija\/wp-json\/wp\/v2\/media\/108180"}],"wp:attachment":[{"href":"https:\/\/www.keramika.com\/slovenija\/wp-json\/wp\/v2\/media?parent=108179"}],"wp:term":[{"taxonomy":"product_cat","embeddable":true,"href":"https:\/\/www.keramika.com\/slovenija\/wp-json\/wp\/v2\/product_cat?post=108179"},{"taxonomy":"product_tag","embeddable":true,"href":"https:\/\/www.keramika.com\/slovenija\/wp-json\/wp\/v2\/product_tag?post=108179"}],"curies":[{"name":"wp","href":"https:\/\/api.w.org\/{rel}","templated":true}]}}