{"id":108171,"date":"2017-09-05T03:02:30","date_gmt":"2017-09-05T03:02:30","guid":{"rendered":"http:\/\/keramika.holest.com\/slovenija\/product\/realonda-lucca-negro\/"},"modified":"2026-01-05T00:01:41","modified_gmt":"2026-01-05T00:01:41","slug":"realonda-lucca-negro","status":"publish","type":"product","link":"https:\/\/www.keramika.com\/slovenija\/realonda-lucca-negro\/","title":{"rendered":"Realonda Lucca Negro"},"content":{"rendered":"<p>Ta plo\u0161\u010dica prihaja iz \u0160panije, ki je znana po kvalitetni keramiki. Pri izbiri plo\u0161\u010dice v \u010drni barvi ne morete zgre\u0161iti. Debelina kar 9 mm dela to plo\u0161\u010dico zelo trpe\u017eno in presti\u017eno na otip. Namesto 39,82 EUR kot bi za to plo\u0161\u010dico od\u0161teli v klasi\u010dni trgovini, boste v na\u0161i spletni prodajalni od\u0161teli le 31,86 EUR. Dimenzije te plo\u0161\u010dice so 31&#215;56 cm.<\/p>\n<p>Kliknite na ime kolekcije za ogled vseh plo\u0161\u010dic iz te serije: <a class=\"pdfcatal\" href=\"\/\/www.ceramictiles.com\/pdf\/realonda\/lucca.pdf\">Realonda Ceramica Lucca<\/a><\/p>\n<p>\u010ce \u017eelite naro\u010diti model iz pdf kataloga te kolekcije, nam pi\u0161ite na: <a href=\"mailto:keramoteka.salon@gmail.com\">keramoteka.salon@gmail.com<\/a> ali pa nas pokli\u010dite na: +386 31 255 900.<\/p>\n<p>7 kosov \/ \u0161katla<br \/>\n1,21 m2 \/ \u0161katla<br \/>\n24 kg \/ \u0161katla<br \/>\n3D kamnitih plo\u0161\u010dic<\/p>\n","protected":false},"excerpt":{"rendered":"<p>3D plo\u0161\u010dice imitacija kamna <\/p>\n","protected":false},"featured_media":108172,"template":"","meta":[],"product_cat":[200,220,230,999,999114],"product_tag":[99921971,99921975],"_links":{"self":[{"href":"https:\/\/www.keramika.com\/slovenija\/wp-json\/wp\/v2\/product\/108171"}],"collection":[{"href":"https:\/\/www.keramika.com\/slovenija\/wp-json\/wp\/v2\/product"}],"about":[{"href":"https:\/\/www.keramika.com\/slovenija\/wp-json\/wp\/v2\/types\/product"}],"wp:featuredmedia":[{"embeddable":true,"href":"https:\/\/www.keramika.com\/slovenija\/wp-json\/wp\/v2\/media\/108172"}],"wp:attachment":[{"href":"https:\/\/www.keramika.com\/slovenija\/wp-json\/wp\/v2\/media?parent=108171"}],"wp:term":[{"taxonomy":"product_cat","embeddable":true,"href":"https:\/\/www.keramika.com\/slovenija\/wp-json\/wp\/v2\/product_cat?post=108171"},{"taxonomy":"product_tag","embeddable":true,"href":"https:\/\/www.keramika.com\/slovenija\/wp-json\/wp\/v2\/product_tag?post=108171"}],"curies":[{"name":"wp","href":"https:\/\/api.w.org\/{rel}","templated":true}]}}