{"id":108148,"date":"2017-03-23T03:01:59","date_gmt":"2017-03-23T03:01:59","guid":{"rendered":"http:\/\/keramika.holest.com\/slovenija\/product\/realonda-kubik-negro\/"},"modified":"2026-01-05T00:01:40","modified_gmt":"2026-01-05T00:01:40","slug":"realonda-kubik-negro","status":"publish","type":"product","link":"https:\/\/www.keramika.com\/slovenija\/realonda-kubik-negro\/","title":{"rendered":"Realonda Kubik Negro"},"content":{"rendered":"<p>Realonda Kubik Negro je pripeljana iz \u0160panije in je zelo kvalitetna. Plo\u0161\u010dica je debela kar 9 mm, kar jo uvr\u0161\u010da med bolj trde plo\u0161\u010dice. Pri izbiri plo\u0161\u010dice v \u010drni barvi ne morete zgre\u0161iti. Velikost te plo\u0161\u010dice je 31&#215;56 cm. Namesto 39,82 EUR kot bi za to plo\u0161\u010dico od\u0161teli v klasi\u010dni trgovini, boste v na\u0161i spletni prodajalni od\u0161teli le 31,86 EUR.<\/p>\n<p>Kliknite na ime kolekcije za ogled vseh plo\u0161\u010dic iz te serije: <a class=\"pdfcatal\" href=\"\/\/www.ceramictiles.com\/pdf\/realonda\/kubik.pdf\">Realonda Ceramica Kubik<\/a><\/p>\n<p>\u010ce \u017eelite naro\u010diti model iz pdf kataloga te kolekcije, nam pi\u0161ite na: <a href=\"mailto:keramoteka.salon@gmail.com\">keramoteka.salon@gmail.com<\/a> ali pa nas pokli\u010dite na: +386 31 255 900.<\/p>\n","protected":false},"excerpt":{"rendered":"<p>Realonda Kubik Negro je pripeljana iz \u0160panije in je zelo kvalitetna. Plo\u0161\u010dica je debela kar 9 mm, kar jo uvr\u0161\u010da med bolj trde plo\u0161\u010dice. Pri izbiri plo\u0161\u010dice v \u010drni barvi ne morete zgre\u0161iti. Velikost te plo\u0161\u010dice je 31&#215;56 cm. Namesto 39,82 EUR kot bi za to plo\u0161\u010dico od\u0161teli v klasi\u010dni trgovini, boste v na\u0161i spletni [&hellip;]<\/p>\n","protected":false},"featured_media":108149,"template":"","meta":[],"product_cat":[200,220,230,999,999114],"product_tag":[],"_links":{"self":[{"href":"https:\/\/www.keramika.com\/slovenija\/wp-json\/wp\/v2\/product\/108148"}],"collection":[{"href":"https:\/\/www.keramika.com\/slovenija\/wp-json\/wp\/v2\/product"}],"about":[{"href":"https:\/\/www.keramika.com\/slovenija\/wp-json\/wp\/v2\/types\/product"}],"wp:featuredmedia":[{"embeddable":true,"href":"https:\/\/www.keramika.com\/slovenija\/wp-json\/wp\/v2\/media\/108149"}],"wp:attachment":[{"href":"https:\/\/www.keramika.com\/slovenija\/wp-json\/wp\/v2\/media?parent=108148"}],"wp:term":[{"taxonomy":"product_cat","embeddable":true,"href":"https:\/\/www.keramika.com\/slovenija\/wp-json\/wp\/v2\/product_cat?post=108148"},{"taxonomy":"product_tag","embeddable":true,"href":"https:\/\/www.keramika.com\/slovenija\/wp-json\/wp\/v2\/product_tag?post=108148"}],"curies":[{"name":"wp","href":"https:\/\/api.w.org\/{rel}","templated":true}]}}