{"id":108146,"date":"2017-03-23T03:01:52","date_gmt":"2017-03-23T03:01:52","guid":{"rendered":"http:\/\/keramika.holest.com\/slovenija\/product\/realonda-kimono\/"},"modified":"2026-01-05T00:01:40","modified_gmt":"2026-01-05T00:01:40","slug":"realonda-kimono","status":"publish","type":"product","link":"https:\/\/www.keramika.com\/slovenija\/realonda-kimono\/","title":{"rendered":"Realonda Kimono"},"content":{"rendered":"<p>Ta model plo\u0161\u010dice se najbolje prodaja v rjavi barvi. Realonda Kimono prihaja iz \u0160panije, ki je znana po zelo kvalitetni keramiki v svetovnem merilu. Realonda Kimono je na voljo po zelo ugodni ceni 28,02 EUR. Plo\u0161\u010dica na sliki je velika 44&#215;44 cm. Plo\u0161\u010dica je debela kar 9 mm, kar jo uvr\u0161\u010da med bolj trde plo\u0161\u010dice.<\/p>\n<p>Kliknite na ime kolekcije za ogled vseh plo\u0161\u010dic iz te serije: <a class=\"pdfcatal\" href=\"\/\/www.ceramictiles.com\/pdf\/realonda\/kimono.pdf\">Realonda Ceramica Kimono<\/a><\/p>\n<p>\u010ce \u017eelite naro\u010diti model iz pdf kataloga te kolekcije, nam pi\u0161ite na: <a href=\"mailto:keramoteka.salon@gmail.com\">keramoteka.salon@gmail.com<\/a> ali pa nas pokli\u010dite na: +386 31 255 900.<\/p>\n","protected":false},"excerpt":{"rendered":"<p>Ta model plo\u0161\u010dice se najbolje prodaja v rjavi barvi. Realonda Kimono prihaja iz \u0160panije, ki je znana po zelo kvalitetni keramiki v svetovnem merilu. Realonda Kimono je na voljo po zelo ugodni ceni 28,02 EUR. Plo\u0161\u010dica na sliki je velika 44&#215;44 cm. Plo\u0161\u010dica je debela kar 9 mm, kar jo uvr\u0161\u010da med bolj trde plo\u0161\u010dice. [&hellip;]<\/p>\n","protected":false},"featured_media":108147,"template":"","meta":[],"product_cat":[200,220,230,999,999114],"product_tag":[],"_links":{"self":[{"href":"https:\/\/www.keramika.com\/slovenija\/wp-json\/wp\/v2\/product\/108146"}],"collection":[{"href":"https:\/\/www.keramika.com\/slovenija\/wp-json\/wp\/v2\/product"}],"about":[{"href":"https:\/\/www.keramika.com\/slovenija\/wp-json\/wp\/v2\/types\/product"}],"wp:featuredmedia":[{"embeddable":true,"href":"https:\/\/www.keramika.com\/slovenija\/wp-json\/wp\/v2\/media\/108147"}],"wp:attachment":[{"href":"https:\/\/www.keramika.com\/slovenija\/wp-json\/wp\/v2\/media?parent=108146"}],"wp:term":[{"taxonomy":"product_cat","embeddable":true,"href":"https:\/\/www.keramika.com\/slovenija\/wp-json\/wp\/v2\/product_cat?post=108146"},{"taxonomy":"product_tag","embeddable":true,"href":"https:\/\/www.keramika.com\/slovenija\/wp-json\/wp\/v2\/product_tag?post=108146"}],"curies":[{"name":"wp","href":"https:\/\/api.w.org\/{rel}","templated":true}]}}