{"id":108141,"date":"2017-03-23T03:01:42","date_gmt":"2017-03-23T03:01:42","guid":{"rendered":"http:\/\/keramika.holest.com\/slovenija\/product\/realonda-jamaica-marron\/"},"modified":"2026-01-05T00:01:40","modified_gmt":"2026-01-05T00:01:40","slug":"realonda-jamaica-marron","status":"publish","type":"product","link":"https:\/\/www.keramika.com\/slovenija\/realonda-jamaica-marron\/","title":{"rendered":"Realonda Jamaica Marron"},"content":{"rendered":"<p>\u0160irina in dol\u017eina te plo\u0161\u010dice sta 31&#215;56 cm. Redna cena te plo\u0161\u010dice v maloprodaji zna\u0161a 39,82 EUR, v na\u0161i spletni trgovini pa jo lahko dobite \u017ee za 31,86 EUR. 9 mm debeline je dovolj tudi za zahtevnej\u0161e kupce. Ta plo\u0161\u010dica prihaja iz \u0160panije, ki je znana po kvalitetni keramiki. Zelo moderna plo\u0161\u010dica v rjavi barvi popestri prav vsak prostor.<\/p>\n<p>Kliknite na ime kolekcije za ogled vseh plo\u0161\u010dic iz te serije: <a class=\"pdfcatal\" href=\"\/\/www.ceramictiles.com\/pdf\/realonda\/jamaica.pdf\">Realonda Ceramica Jamaica<\/a><\/p>\n<p>\u010ce \u017eelite naro\u010diti model iz pdf kataloga te kolekcije, nam pi\u0161ite na: <a href=\"mailto:keramoteka.salon@gmail.com\">keramoteka.salon@gmail.com<\/a> ali pa nas pokli\u010dite na: +386 31 255 900.<\/p>\n","protected":false},"excerpt":{"rendered":"<p>\u0160irina in dol\u017eina te plo\u0161\u010dice sta 31&#215;56 cm. Redna cena te plo\u0161\u010dice v maloprodaji zna\u0161a 39,82 EUR, v na\u0161i spletni trgovini pa jo lahko dobite \u017ee za 31,86 EUR. 9 mm debeline je dovolj tudi za zahtevnej\u0161e kupce. Ta plo\u0161\u010dica prihaja iz \u0160panije, ki je znana po kvalitetni keramiki. Zelo moderna plo\u0161\u010dica v rjavi barvi [&hellip;]<\/p>\n","protected":false},"featured_media":108142,"template":"","meta":[],"product_cat":[200,220,230,999,999114],"product_tag":[],"_links":{"self":[{"href":"https:\/\/www.keramika.com\/slovenija\/wp-json\/wp\/v2\/product\/108141"}],"collection":[{"href":"https:\/\/www.keramika.com\/slovenija\/wp-json\/wp\/v2\/product"}],"about":[{"href":"https:\/\/www.keramika.com\/slovenija\/wp-json\/wp\/v2\/types\/product"}],"wp:featuredmedia":[{"embeddable":true,"href":"https:\/\/www.keramika.com\/slovenija\/wp-json\/wp\/v2\/media\/108142"}],"wp:attachment":[{"href":"https:\/\/www.keramika.com\/slovenija\/wp-json\/wp\/v2\/media?parent=108141"}],"wp:term":[{"taxonomy":"product_cat","embeddable":true,"href":"https:\/\/www.keramika.com\/slovenija\/wp-json\/wp\/v2\/product_cat?post=108141"},{"taxonomy":"product_tag","embeddable":true,"href":"https:\/\/www.keramika.com\/slovenija\/wp-json\/wp\/v2\/product_tag?post=108141"}],"curies":[{"name":"wp","href":"https:\/\/api.w.org\/{rel}","templated":true}]}}