{"id":108133,"date":"2017-03-23T03:01:30","date_gmt":"2017-03-23T03:01:30","guid":{"rendered":"http:\/\/keramika.holest.com\/slovenija\/product\/realonda-jakarta-gold\/"},"modified":"2026-01-05T00:01:40","modified_gmt":"2026-01-05T00:01:40","slug":"realonda-jakarta-gold","status":"publish","type":"product","link":"https:\/\/www.keramika.com\/slovenija\/realonda-jakarta-gold\/","title":{"rendered":"Realonda Jakarta Gold"},"content":{"rendered":"<p>44,62 EUR v klasi\u010dni trgovini, pri nas pa le 35,7 EUR. Dimenzije te plo\u0161\u010dice so 25&#215;33 cm. Debelina plo\u0161\u010dice je zelo pomembna in 9 mm uvr\u0161\u010da to plo\u0161\u010dico med najkvalitetnej\u0161e. Realonda Jakarta Gold prihaja iz \u0160panije, ki je znana po zelo kvalitetni keramiki v svetovnem merilu. Pri izbiri plo\u0161\u010dice v zlati barvi ne morete zgre\u0161iti.<\/p>\n<p>Kliknite na ime kolekcije za ogled vseh plo\u0161\u010dic iz te serije: <a class=\"pdfcatal\" href=\"\/\/www.ceramictiles.com\/pdf\/realonda\/jakarta.pdf\">Realonda Ceramica Jakarta<\/a><\/p>\n<p>\u010ce \u017eelite naro\u010diti model iz pdf kataloga te kolekcije, nam pi\u0161ite na: <a href=\"mailto:keramoteka.salon@gmail.com\">keramoteka.salon@gmail.com<\/a> ali pa nas pokli\u010dite na: +386 31 255 900.<\/p>\n<p>Technical description: 28,5&#215;33<\/p>\n","protected":false},"excerpt":{"rendered":"<p>44,62 EUR v klasi\u010dni trgovini, pri nas pa le 35,7 EUR. Dimenzije te plo\u0161\u010dice so 25&#215;33 cm. Debelina plo\u0161\u010dice je zelo pomembna in 9 mm uvr\u0161\u010da to plo\u0161\u010dico med najkvalitetnej\u0161e. Realonda Jakarta Gold prihaja iz \u0160panije, ki je znana po zelo kvalitetni keramiki v svetovnem merilu. Pri izbiri plo\u0161\u010dice v zlati barvi ne morete zgre\u0161iti. [&hellip;]<\/p>\n","protected":false},"featured_media":108134,"template":"","meta":[],"product_cat":[200,220,230,999,999114],"product_tag":[],"_links":{"self":[{"href":"https:\/\/www.keramika.com\/slovenija\/wp-json\/wp\/v2\/product\/108133"}],"collection":[{"href":"https:\/\/www.keramika.com\/slovenija\/wp-json\/wp\/v2\/product"}],"about":[{"href":"https:\/\/www.keramika.com\/slovenija\/wp-json\/wp\/v2\/types\/product"}],"wp:featuredmedia":[{"embeddable":true,"href":"https:\/\/www.keramika.com\/slovenija\/wp-json\/wp\/v2\/media\/108134"}],"wp:attachment":[{"href":"https:\/\/www.keramika.com\/slovenija\/wp-json\/wp\/v2\/media?parent=108133"}],"wp:term":[{"taxonomy":"product_cat","embeddable":true,"href":"https:\/\/www.keramika.com\/slovenija\/wp-json\/wp\/v2\/product_cat?post=108133"},{"taxonomy":"product_tag","embeddable":true,"href":"https:\/\/www.keramika.com\/slovenija\/wp-json\/wp\/v2\/product_tag?post=108133"}],"curies":[{"name":"wp","href":"https:\/\/api.w.org\/{rel}","templated":true}]}}