{"id":108108,"date":"2017-03-23T03:00:49","date_gmt":"2017-03-23T03:00:49","guid":{"rendered":"http:\/\/keramika.holest.com\/slovenija\/product\/realonda-glint-oro\/"},"modified":"2026-01-05T00:01:39","modified_gmt":"2026-01-05T00:01:39","slug":"realonda-glint-oro","status":"publish","type":"product","link":"https:\/\/www.keramika.com\/slovenija\/realonda-glint-oro\/","title":{"rendered":"Realonda Glint Oro"},"content":{"rendered":"<p>Pri izbiri plo\u0161\u010dice v zlati barvi ne morete zgre\u0161iti. Na spletu boste za to plo\u0161\u010dico od\u0161teli le 29,5 EUR, medtem ko v redni prodaji cena zna\u0161a 36,88 EUR. Ta plo\u0161\u010dica prihaja iz \u0160panije, ki je znana po kvalitetni keramiki. 9 mm debeline je dovolj tudi za zahtevnej\u0161e kupce. Velikost te plo\u0161\u010dice je 33,3&#215;33,3 cm.<\/p>\n<p>Kliknite na ime kolekcije za ogled vseh plo\u0161\u010dic iz te serije: <a class=\"pdfcatal\" href=\"\/\/www.ceramictiles.com\/pdf\/realonda\/glint.pdf\">Realonda Ceramica Glint<\/a><\/p>\n<p>\u010ce \u017eelite naro\u010diti model iz pdf kataloga te kolekcije, nam pi\u0161ite na: <a href=\"mailto:keramoteka.salon@gmail.com\">keramoteka.salon@gmail.com<\/a> ali pa nas pokli\u010dite na: +386 31 255 900.<\/p>\n","protected":false},"excerpt":{"rendered":"<p>Pri izbiri plo\u0161\u010dice v zlati barvi ne morete zgre\u0161iti. Na spletu boste za to plo\u0161\u010dico od\u0161teli le 29,5 EUR, medtem ko v redni prodaji cena zna\u0161a 36,88 EUR. Ta plo\u0161\u010dica prihaja iz \u0160panije, ki je znana po kvalitetni keramiki. 9 mm debeline je dovolj tudi za zahtevnej\u0161e kupce. Velikost te plo\u0161\u010dice je 33,3&#215;33,3 cm. Kliknite [&hellip;]<\/p>\n","protected":false},"featured_media":108109,"template":"","meta":[],"product_cat":[200,220,230,999,999114],"product_tag":[],"_links":{"self":[{"href":"https:\/\/www.keramika.com\/slovenija\/wp-json\/wp\/v2\/product\/108108"}],"collection":[{"href":"https:\/\/www.keramika.com\/slovenija\/wp-json\/wp\/v2\/product"}],"about":[{"href":"https:\/\/www.keramika.com\/slovenija\/wp-json\/wp\/v2\/types\/product"}],"wp:featuredmedia":[{"embeddable":true,"href":"https:\/\/www.keramika.com\/slovenija\/wp-json\/wp\/v2\/media\/108109"}],"wp:attachment":[{"href":"https:\/\/www.keramika.com\/slovenija\/wp-json\/wp\/v2\/media?parent=108108"}],"wp:term":[{"taxonomy":"product_cat","embeddable":true,"href":"https:\/\/www.keramika.com\/slovenija\/wp-json\/wp\/v2\/product_cat?post=108108"},{"taxonomy":"product_tag","embeddable":true,"href":"https:\/\/www.keramika.com\/slovenija\/wp-json\/wp\/v2\/product_tag?post=108108"}],"curies":[{"name":"wp","href":"https:\/\/api.w.org\/{rel}","templated":true}]}}