{"id":108095,"date":"2017-03-23T03:00:25","date_gmt":"2017-03-23T03:00:25","guid":{"rendered":"http:\/\/keramika.holest.com\/slovenija\/product\/realonda-frame-blanco\/"},"modified":"2026-01-05T00:01:39","modified_gmt":"2026-01-05T00:01:39","slug":"realonda-frame-blanco","status":"publish","type":"product","link":"https:\/\/www.keramika.com\/slovenija\/realonda-frame-blanco\/","title":{"rendered":"Realonda Frame Blanco"},"content":{"rendered":"<p>Pri izbiri plo\u0161\u010dice v beli barvi ne morete zgre\u0161iti. Ta plo\u0161\u010dica je debela 9 mm in je zelo trpe\u017ena. Realonda Frame Blanco je pripeljana iz \u0160panije in je zelo kvalitetna. \u0160irina in dol\u017eina te plo\u0161\u010dice sta 33,3&#215;33,3 cm. V redni prodaji bi morali za to plo\u0161\u010dico od\u0161teti 36,88 EUR, spletna cena pa zna\u0161a le 29,5 EUR.<\/p>\n<p>Kliknite na ime kolekcije za ogled vseh plo\u0161\u010dic iz te serije: <a class=\"pdfcatal\" href=\"\/\/www.ceramictiles.com\/pdf\/realonda\/frame.pdf\">Realonda Ceramica Frame<\/a><\/p>\n<p>\u010ce \u017eelite naro\u010diti model iz pdf kataloga te kolekcije, nam pi\u0161ite na: <a href=\"mailto:keramoteka.salon@gmail.com\">keramoteka.salon@gmail.com<\/a> ali pa nas pokli\u010dite na: +386 31 255 900.<\/p>\n","protected":false},"excerpt":{"rendered":"<p>Pri izbiri plo\u0161\u010dice v beli barvi ne morete zgre\u0161iti. Ta plo\u0161\u010dica je debela 9 mm in je zelo trpe\u017ena. Realonda Frame Blanco je pripeljana iz \u0160panije in je zelo kvalitetna. \u0160irina in dol\u017eina te plo\u0161\u010dice sta 33,3&#215;33,3 cm. V redni prodaji bi morali za to plo\u0161\u010dico od\u0161teti 36,88 EUR, spletna cena pa zna\u0161a le 29,5 [&hellip;]<\/p>\n","protected":false},"featured_media":108096,"template":"","meta":[],"product_cat":[200,220,230,999,999114],"product_tag":[],"_links":{"self":[{"href":"https:\/\/www.keramika.com\/slovenija\/wp-json\/wp\/v2\/product\/108095"}],"collection":[{"href":"https:\/\/www.keramika.com\/slovenija\/wp-json\/wp\/v2\/product"}],"about":[{"href":"https:\/\/www.keramika.com\/slovenija\/wp-json\/wp\/v2\/types\/product"}],"wp:featuredmedia":[{"embeddable":true,"href":"https:\/\/www.keramika.com\/slovenija\/wp-json\/wp\/v2\/media\/108096"}],"wp:attachment":[{"href":"https:\/\/www.keramika.com\/slovenija\/wp-json\/wp\/v2\/media?parent=108095"}],"wp:term":[{"taxonomy":"product_cat","embeddable":true,"href":"https:\/\/www.keramika.com\/slovenija\/wp-json\/wp\/v2\/product_cat?post=108095"},{"taxonomy":"product_tag","embeddable":true,"href":"https:\/\/www.keramika.com\/slovenija\/wp-json\/wp\/v2\/product_tag?post=108095"}],"curies":[{"name":"wp","href":"https:\/\/api.w.org\/{rel}","templated":true}]}}