{"id":108087,"date":"2017-03-23T03:00:12","date_gmt":"2017-03-23T03:00:12","guid":{"rendered":"http:\/\/keramika.holest.com\/slovenija\/product\/realonda-forest-roble\/"},"modified":"2026-01-05T00:01:38","modified_gmt":"2026-01-05T00:01:38","slug":"realonda-forest-roble","status":"publish","type":"product","link":"https:\/\/www.keramika.com\/slovenija\/realonda-forest-roble\/","title":{"rendered":"Realonda Forest Roble"},"content":{"rendered":"<p>Debelina kar 9 mm dela to plo\u0161\u010dico zelo trpe\u017eno in presti\u017eno na otip. Keramika v be\u017e barvi popestri vsak prostor. 31,25 EUR v klasi\u010dni trgovini, pri nas pa le 25 EUR. \u0160irina in dol\u017eina te plo\u0161\u010dice sta 31&#215;56 cm. Realonda Forest Roble prihaja iz \u0160panije, ki je znana po zelo kvalitetni keramiki v svetovnem merilu.<\/p>\n<p>Kliknite na ime kolekcije za ogled vseh plo\u0161\u010dic iz te serije: <a class=\"pdfcatal\" href=\"\/\/www.ceramictiles.com\/pdf\/realonda\/forest.pdf\">Realonda Ceramica Forest<\/a><\/p>\n<p>\u010ce \u017eelite naro\u010diti model iz pdf kataloga te kolekcije, nam pi\u0161ite na: <a href=\"mailto:keramoteka.salon@gmail.com\">keramoteka.salon@gmail.com<\/a> ali pa nas pokli\u010dite na: +386 31 255 900.<\/p>\n","protected":false},"excerpt":{"rendered":"<p>Debelina kar 9 mm dela to plo\u0161\u010dico zelo trpe\u017eno in presti\u017eno na otip. Keramika v be\u017e barvi popestri vsak prostor. 31,25 EUR v klasi\u010dni trgovini, pri nas pa le 25 EUR. \u0160irina in dol\u017eina te plo\u0161\u010dice sta 31&#215;56 cm. Realonda Forest Roble prihaja iz \u0160panije, ki je znana po zelo kvalitetni keramiki v svetovnem merilu. [&hellip;]<\/p>\n","protected":false},"featured_media":108088,"template":"","meta":[],"product_cat":[200,220,230,999,999114],"product_tag":[],"_links":{"self":[{"href":"https:\/\/www.keramika.com\/slovenija\/wp-json\/wp\/v2\/product\/108087"}],"collection":[{"href":"https:\/\/www.keramika.com\/slovenija\/wp-json\/wp\/v2\/product"}],"about":[{"href":"https:\/\/www.keramika.com\/slovenija\/wp-json\/wp\/v2\/types\/product"}],"wp:featuredmedia":[{"embeddable":true,"href":"https:\/\/www.keramika.com\/slovenija\/wp-json\/wp\/v2\/media\/108088"}],"wp:attachment":[{"href":"https:\/\/www.keramika.com\/slovenija\/wp-json\/wp\/v2\/media?parent=108087"}],"wp:term":[{"taxonomy":"product_cat","embeddable":true,"href":"https:\/\/www.keramika.com\/slovenija\/wp-json\/wp\/v2\/product_cat?post=108087"},{"taxonomy":"product_tag","embeddable":true,"href":"https:\/\/www.keramika.com\/slovenija\/wp-json\/wp\/v2\/product_tag?post=108087"}],"curies":[{"name":"wp","href":"https:\/\/api.w.org\/{rel}","templated":true}]}}