{"id":108056,"date":"2017-12-11T02:59:12","date_gmt":"2017-12-11T02:59:12","guid":{"rendered":"http:\/\/keramika.holest.com\/slovenija\/product\/realonda-diamond-gris\/"},"modified":"2026-01-05T00:01:38","modified_gmt":"2026-01-05T00:01:38","slug":"realonda-diamond-gris","status":"publish","type":"product","link":"https:\/\/www.keramika.com\/slovenija\/realonda-diamond-gris\/","title":{"rendered":"Realonda Diamond Gris"},"content":{"rendered":"<p>Ta model plo\u0161\u010dice se najbolje prodaja v sivi barvi. 9 mm je debelina, ki zadovolji tudi zahtevnej\u0161e kupce. Dimenzije te plo\u0161\u010dice so 25&#215;33 cm. Realonda Diamond Gris je na voljo po zelo ugodni ceni 35,7 EUR. Realonda Diamond Gris prihaja iz \u0160panije, ki je znana po zelo kvalitetni keramiki v svetovnem merilu.<\/p>\n<p>Kliknite na ime kolekcije za ogled vseh plo\u0161\u010dic iz te serije: <a class=\"pdfcatal\" href=\"\/\/www.ceramictiles.com\/pdf\/realonda\/diamond.pdf\">Realonda Ceramica Diamond<\/a><\/p>\n<p>\u010ce \u017eelite naro\u010diti model iz pdf kataloga te kolekcije, nam pi\u0161ite na: <a href=\"mailto:keramoteka.salon@gmail.com\">keramoteka.salon@gmail.com<\/a> ali pa nas pokli\u010dite na: +386 31 255 900.<br \/>\n[vc_row][vc_column width=&#8221;1\/3&#8243;][vc_single_image source=&#8221;external_link&#8221; onclick=&#8221;link_image&#8221; custom_src=&#8221;https:\/\/www.ceramictiles.com\/images\/realonda\/realonda_color_diamond_azul.jpg&#8221; el_class=&#8221;eheight&#8221;][vc_column_text]<strong>Color Diamond Azul<\/strong><br \/><a class=\"pdfcatal\" href=\"\/\/www.ceramictiles.com\/pdf\/catalogue_realonda.pdf\" onclick=\"recordOutboundLink(this, 'E-mail', 'Description PDF');return false;\"> PDF Zbirni katalog<\/a><\/a><br \/>Za najbolj\u0161o ponudbo nam po\u0161ljite natan\u010dno: barvo, velikost, koli\u010dino in naslov za dostavo.<br \/><a href=\"mailto:keramoteka.salon@gmail.com\" onclick=\"recordOutboundLink(this, 'E-mail', 'Description mail');return false;\">Po\u0161ta za zahtevo<\/a>[\/vc_column_text][vc_separator color=&#8221;black&#8221; border_width=&#8221;2&#8243;]<br \/>\n[\/vc_column][vc_column width=&#8221;1\/3&#8243;][vc_single_image source=&#8221;external_link&#8221; onclick=&#8221;link_image&#8221; custom_src=&#8221;https:\/\/www.ceramictiles.com\/images\/realonda\/realonda_color_diamond_gris.jpg&#8221; el_class=&#8221;eheight&#8221;][vc_column_text]<strong>Color Diamond Gris<\/strong><br \/><a class=\"pdfcatal\" href=\"\/\/www.ceramictiles.com\/pdf\/catalogue_realonda.pdf\" onclick=\"recordOutboundLink(this, 'E-mail', 'Description PDF');return false;\"> PDF Zbirni katalog<\/a><\/a><br \/>Za najbolj\u0161o ponudbo nam po\u0161ljite natan\u010dno: barvo, velikost, koli\u010dino in naslov za dostavo.<br \/><a href=\"mailto:keramoteka.salon@gmail.com\" onclick=\"recordOutboundLink(this, 'E-mail', 'Description mail');return false;\">Po\u0161ta za zahtevo<\/a>[\/vc_column_text][vc_separator color=&#8221;black&#8221; border_width=&#8221;2&#8243;]<br \/>\n[\/vc_column][vc_column width=&#8221;1\/3&#8243;][vc_single_image source=&#8221;external_link&#8221; onclick=&#8221;link_image&#8221; custom_src=&#8221;https:\/\/www.ceramictiles.com\/images\/realonda\/realonda_color_diamond_ocre.jpg&#8221; el_class=&#8221;eheight&#8221;][vc_column_text]<strong>Color Diamond Ocre<\/strong><br \/><a class=\"pdfcatal\" href=\"\/\/www.ceramictiles.com\/pdf\/catalogue_realonda.pdf\" onclick=\"recordOutboundLink(this, 'E-mail', 'Description PDF');return false;\"> PDF Zbirni katalog<\/a><\/a><br \/>Za najbolj\u0161o ponudbo nam po\u0161ljite natan\u010dno: barvo, velikost, koli\u010dino in naslov za dostavo.<br \/><a href=\"mailto:keramoteka.salon@gmail.com\" onclick=\"recordOutboundLink(this, 'E-mail', 'Description mail');return false;\">Po\u0161ta za zahtevo<\/a>[\/vc_column_text][vc_separator color=&#8221;black&#8221; border_width=&#8221;2&#8243;]<br \/>\n[\/vc_column][vc_column width=&#8221;1\/3&#8243;][vc_single_image source=&#8221;external_link&#8221; onclick=&#8221;link_image&#8221; custom_src=&#8221;https:\/\/www.ceramictiles.com\/images\/realonda\/realonda_diamond_brume.jpg&#8221; el_class=&#8221;eheight&#8221;][vc_column_text]<strong>Realonda Diamond Brume<\/strong><br \/><a class=\"pdfcatal\" href=\"\/\/www.ceramictiles.com\/pdf\/catalogue_realonda.pdf\" onclick=\"recordOutboundLink(this, 'E-mail', 'Description PDF');return false;\"> PDF Zbirni katalog<\/a><\/a><br \/>Za najbolj\u0161o ponudbo nam po\u0161ljite natan\u010dno: barvo, velikost, koli\u010dino in naslov za dostavo.<br \/><a href=\"mailto:keramoteka.salon@gmail.com\" onclick=\"recordOutboundLink(this, 'E-mail', 'Description mail');return false;\">Po\u0161ta za zahtevo<\/a>[\/vc_column_text][vc_separator color=&#8221;black&#8221; border_width=&#8221;2&#8243;]<br \/>\n[\/vc_column][vc_column width=&#8221;1\/3&#8243;][vc_single_image source=&#8221;external_link&#8221; onclick=&#8221;link_image&#8221; custom_src=&#8221;https:\/\/www.ceramictiles.com\/images\/realonda\/realonda_diamond_calacatta.jpg&#8221; el_class=&#8221;eheight&#8221;][vc_column_text]<strong>Realonda Diamond Calacatta<\/strong><br \/><a class=\"pdfcatal\" href=\"\/\/www.ceramictiles.com\/pdf\/catalogue_realonda.pdf\" onclick=\"recordOutboundLink(this, 'E-mail', 'Description PDF');return false;\"> PDF Zbirni katalog<\/a><\/a><br \/>Za najbolj\u0161o ponudbo nam po\u0161ljite natan\u010dno: barvo, velikost, koli\u010dino in naslov za dostavo.<br \/><a href=\"mailto:keramoteka.salon@gmail.com\" onclick=\"recordOutboundLink(this, 'E-mail', 'Description mail');return false;\">Po\u0161ta za zahtevo<\/a>[\/vc_column_text][vc_separator color=&#8221;black&#8221; border_width=&#8221;2&#8243;]<br \/>\n[\/vc_column][vc_column width=&#8221;1\/3&#8243;][vc_single_image source=&#8221;external_link&#8221; onclick=&#8221;link_image&#8221; custom_src=&#8221;https:\/\/www.ceramictiles.com\/images\/realonda\/realonda_diamond_city.jpg&#8221; el_class=&#8221;eheight&#8221;][vc_column_text]<strong>Realonda Diamond City<\/strong><br \/><a class=\"pdfcatal\" href=\"\/\/www.ceramictiles.com\/pdf\/catalogue_realonda.pdf\" onclick=\"recordOutboundLink(this, 'E-mail', 'Description PDF');return false;\"> PDF Zbirni katalog<\/a><\/a><br \/>Za najbolj\u0161o ponudbo nam po\u0161ljite natan\u010dno: barvo, velikost, koli\u010dino in naslov za dostavo.<br \/><a href=\"mailto:keramoteka.salon@gmail.com\" onclick=\"recordOutboundLink(this, 'E-mail', 'Description mail');return false;\">Po\u0161ta za zahtevo<\/a>[\/vc_column_text][vc_separator color=&#8221;black&#8221; border_width=&#8221;2&#8243;]<br \/>\n[\/vc_column][vc_column width=&#8221;1\/3&#8243;][vc_single_image source=&#8221;external_link&#8221; onclick=&#8221;link_image&#8221; custom_src=&#8221;https:\/\/www.ceramictiles.com\/images\/realonda\/realonda_diamond_etna.jpg&#8221; el_class=&#8221;eheight&#8221;][vc_column_text]<strong>Realonda Diamond Etna<\/strong><br \/><a class=\"pdfcatal\" href=\"\/\/www.ceramictiles.com\/pdf\/catalogue_realonda.pdf\" onclick=\"recordOutboundLink(this, 'E-mail', 'Description PDF');return false;\"> PDF Zbirni katalog<\/a><\/a><br \/>Za najbolj\u0161o ponudbo nam po\u0161ljite natan\u010dno: barvo, velikost, koli\u010dino in naslov za dostavo.<br \/><a href=\"mailto:keramoteka.salon@gmail.com\" onclick=\"recordOutboundLink(this, 'E-mail', 'Description mail');return false;\">Po\u0161ta za zahtevo<\/a>[\/vc_column_text][vc_separator color=&#8221;black&#8221; border_width=&#8221;2&#8243;]<br \/>\n[\/vc_column][vc_column width=&#8221;1\/3&#8243;][vc_single_image source=&#8221;external_link&#8221; onclick=&#8221;link_image&#8221; custom_src=&#8221;https:\/\/www.ceramictiles.com\/images\/realonda\/realonda_diamond_fabric.jpg&#8221; el_class=&#8221;eheight&#8221;][vc_column_text]<strong>Realonda Diamond Fabric<\/strong><br \/><a class=\"pdfcatal\" href=\"\/\/www.ceramictiles.com\/pdf\/catalogue_realonda.pdf\" onclick=\"recordOutboundLink(this, 'E-mail', 'Description PDF');return false;\"> PDF Zbirni katalog<\/a><\/a><br \/>Za najbolj\u0161o ponudbo nam po\u0161ljite natan\u010dno: barvo, velikost, koli\u010dino in naslov za dostavo.<br \/><a href=\"mailto:keramoteka.salon@gmail.com\" onclick=\"recordOutboundLink(this, 'E-mail', 'Description mail');return false;\">Po\u0161ta za zahtevo<\/a>[\/vc_column_text][vc_separator color=&#8221;black&#8221; border_width=&#8221;2&#8243;]<br \/>\n[\/vc_column][vc_column width=&#8221;1\/3&#8243;][vc_single_image source=&#8221;external_link&#8221; onclick=&#8221;link_image&#8221; custom_src=&#8221;https:\/\/www.ceramictiles.com\/images\/realonda\/realonda_diamond_marquina.jpg&#8221; el_class=&#8221;eheight&#8221;][vc_column_text]<strong>Realonda Diamond Marquina<\/strong><br \/><a class=\"pdfcatal\" href=\"\/\/www.ceramictiles.com\/pdf\/catalogue_realonda.pdf\" onclick=\"recordOutboundLink(this, 'E-mail', 'Description PDF');return false;\"> PDF Zbirni katalog<\/a><\/a><br \/>Za najbolj\u0161o ponudbo nam po\u0161ljite natan\u010dno: barvo, velikost, koli\u010dino in naslov za dostavo.<br \/><a href=\"mailto:keramoteka.salon@gmail.com\" onclick=\"recordOutboundLink(this, 'E-mail', 'Description mail');return false;\">Po\u0161ta za zahtevo<\/a>[\/vc_column_text][vc_separator color=&#8221;black&#8221; border_width=&#8221;2&#8243;]<br \/>\n[\/vc_column][vc_column width=&#8221;1\/3&#8243;][vc_single_image source=&#8221;external_link&#8221; onclick=&#8221;link_image&#8221; custom_src=&#8221;https:\/\/www.ceramictiles.com\/images\/realonda\/realonda_diamond_pallet.jpg&#8221; el_class=&#8221;eheight&#8221;][vc_column_text]<strong>Realonda Diamond Pallet<\/strong><br \/><a class=\"pdfcatal\" href=\"\/\/www.ceramictiles.com\/pdf\/catalogue_realonda.pdf\" onclick=\"recordOutboundLink(this, 'E-mail', 'Description PDF');return false;\"> PDF Zbirni katalog<\/a><\/a><br \/>Za najbolj\u0161o ponudbo nam po\u0161ljite natan\u010dno: barvo, velikost, koli\u010dino in naslov za dostavo.<br \/><a href=\"mailto:keramoteka.salon@gmail.com\" onclick=\"recordOutboundLink(this, 'E-mail', 'Description mail');return false;\">Po\u0161ta za zahtevo<\/a>[\/vc_column_text][vc_separator color=&#8221;black&#8221; border_width=&#8221;2&#8243;]<br \/>\n[\/vc_column][vc_column width=&#8221;1\/3&#8243;][vc_single_image source=&#8221;external_link&#8221; onclick=&#8221;link_image&#8221; custom_src=&#8221;https:\/\/www.ceramictiles.com\/images\/realonda\/realonda_diamond_statuario.jpg&#8221; el_class=&#8221;eheight&#8221;][vc_column_text]<strong>Realonda Diamond Statuario<\/strong><br \/><a class=\"pdfcatal\" href=\"\/\/www.ceramictiles.com\/pdf\/catalogue_realonda.pdf\" onclick=\"recordOutboundLink(this, 'E-mail', 'Description PDF');return false;\"> PDF Zbirni katalog<\/a><\/a><br \/>Za najbolj\u0161o ponudbo nam po\u0161ljite natan\u010dno: barvo, velikost, koli\u010dino in naslov za dostavo.<br \/><a href=\"mailto:keramoteka.salon@gmail.com\" onclick=\"recordOutboundLink(this, 'E-mail', 'Description mail');return false;\">Po\u0161ta za zahtevo<\/a>[\/vc_column_text][vc_separator color=&#8221;black&#8221; border_width=&#8221;2&#8243;]<br \/>\n[\/vc_column][vc_column width=&#8221;1\/3&#8243;][vc_single_image source=&#8221;external_link&#8221; onclick=&#8221;link_image&#8221; custom_src=&#8221;https:\/\/www.ceramictiles.com\/images\/realonda\/realonda_diamond_timber.jpg&#8221; el_class=&#8221;eheight&#8221;][vc_column_text]<strong>Realonda Diamond Timber<\/strong><br \/><a class=\"pdfcatal\" href=\"\/\/www.ceramictiles.com\/pdf\/catalogue_realonda.pdf\" onclick=\"recordOutboundLink(this, 'E-mail', 'Description PDF');return false;\"> PDF Zbirni katalog<\/a><\/a><br \/>Za najbolj\u0161o ponudbo nam po\u0161ljite natan\u010dno: barvo, velikost, koli\u010dino in naslov za dostavo.<br \/><a href=\"mailto:keramoteka.salon@gmail.com\" onclick=\"recordOutboundLink(this, 'E-mail', 'Description mail');return false;\">Po\u0161ta za zahtevo<\/a>[\/vc_column_text][vc_separator color=&#8221;black&#8221; border_width=&#8221;2&#8243;]<br \/>\n[\/vc_column][vc_column width=&#8221;1\/3&#8243;][vc_single_image source=&#8221;external_link&#8221; onclick=&#8221;link_image&#8221; custom_src=&#8221;https:\/\/www.ceramictiles.com\/images\/realonda\/realonda_diamond_triangle.jpg&#8221; el_class=&#8221;eheight&#8221;][vc_column_text]<strong>Realonda Diamond Triangle<\/strong><br \/><a class=\"pdfcatal\" href=\"\/\/www.ceramictiles.com\/pdf\/catalogue_realonda.pdf\" onclick=\"recordOutboundLink(this, 'E-mail', 'Description PDF');return false;\"> PDF Zbirni katalog<\/a><\/a><br \/>Za najbolj\u0161o ponudbo nam po\u0161ljite natan\u010dno: barvo, velikost, koli\u010dino in naslov za dostavo.<br \/><a href=\"mailto:keramoteka.salon@gmail.com\" onclick=\"recordOutboundLink(this, 'E-mail', 'Description mail');return false;\">Po\u0161ta za zahtevo<\/a>[\/vc_column_text][vc_separator color=&#8221;black&#8221; border_width=&#8221;2&#8243;]<br \/>\n[\/vc_column][vc_column width=&#8221;1\/3&#8243;][vc_single_image source=&#8221;external_link&#8221; onclick=&#8221;link_image&#8221; custom_src=&#8221;https:\/\/www.ceramictiles.com\/images\/realonda\/realonda_diamond_waves.jpg&#8221; el_class=&#8221;eheight&#8221;][vc_column_text]<strong>Realonda Diamond Waves<\/strong><br \/><a class=\"pdfcatal\" href=\"\/\/www.ceramictiles.com\/pdf\/catalogue_realonda.pdf\" onclick=\"recordOutboundLink(this, 'E-mail', 'Description PDF');return false;\"> PDF Zbirni katalog<\/a><\/a><br \/>Za najbolj\u0161o ponudbo nam po\u0161ljite natan\u010dno: barvo, velikost, koli\u010dino in naslov za dostavo.<br \/><a href=\"mailto:keramoteka.salon@gmail.com\" onclick=\"recordOutboundLink(this, 'E-mail', 'Description mail');return false;\">Po\u0161ta za zahtevo<\/a>[\/vc_column_text][vc_separator color=&#8221;black&#8221; border_width=&#8221;2&#8243;]<br \/>\n[\/vc_column][\/vc_row]<\/p>\n","protected":false},"excerpt":{"rendered":"<p>Velikost dekorativnih rombporcelanastih plo\u0161\u010dic 28,5&#215;33 ; 70&#215;40 cm.<\/p>\n","protected":false},"featured_media":111987,"template":"","meta":[],"product_cat":[200,220,230,260,999,999114,250,240],"product_tag":[99921974,99921970],"_links":{"self":[{"href":"https:\/\/www.keramika.com\/slovenija\/wp-json\/wp\/v2\/product\/108056"}],"collection":[{"href":"https:\/\/www.keramika.com\/slovenija\/wp-json\/wp\/v2\/product"}],"about":[{"href":"https:\/\/www.keramika.com\/slovenija\/wp-json\/wp\/v2\/types\/product"}],"wp:featuredmedia":[{"embeddable":true,"href":"https:\/\/www.keramika.com\/slovenija\/wp-json\/wp\/v2\/media\/111987"}],"wp:attachment":[{"href":"https:\/\/www.keramika.com\/slovenija\/wp-json\/wp\/v2\/media?parent=108056"}],"wp:term":[{"taxonomy":"product_cat","embeddable":true,"href":"https:\/\/www.keramika.com\/slovenija\/wp-json\/wp\/v2\/product_cat?post=108056"},{"taxonomy":"product_tag","embeddable":true,"href":"https:\/\/www.keramika.com\/slovenija\/wp-json\/wp\/v2\/product_tag?post=108056"}],"curies":[{"name":"wp","href":"https:\/\/api.w.org\/{rel}","templated":true}]}}