{"id":108034,"date":"2017-03-23T02:58:33","date_gmt":"2017-03-23T02:58:33","guid":{"rendered":"http:\/\/keramika.holest.com\/slovenija\/product\/realonda-cambridge\/"},"modified":"2026-01-05T00:01:37","modified_gmt":"2026-01-05T00:01:37","slug":"realonda-cambridge","status":"publish","type":"product","link":"https:\/\/www.keramika.com\/slovenija\/realonda-cambridge\/","title":{"rendered":"Realonda Cambridge"},"content":{"rendered":"<p>Ta plo\u0161\u010dica prihaja iz \u0160panije, ki je znana po kvalitetni keramiki. 9 mm je debelina, ki zadovolji tudi zahtevnej\u0161e kupce. 25,08 EUR v klasi\u010dni trgovini, pri nas pa le 20,06 EUR. \u0160irina in dol\u017eina te plo\u0161\u010dice sta 33,3&#215;33,3 cm. Ta model plo\u0161\u010dice se najbolje prodaja v rjavi barvi.<\/p>\n<p>Kliknite na ime kolekcije za ogled vseh plo\u0161\u010dic iz te serije: <a class=\"pdfcatal\" href=\"\/\/www.ceramictiles.com\/pdf\/realonda\/cambridge.pdf\">Realonda Ceramica Cambridge<\/a><\/p>\n<p>\u010ce \u017eelite naro\u010diti model iz pdf kataloga te kolekcije, nam pi\u0161ite na: <a href=\"mailto:keramoteka.salon@gmail.com\">keramoteka.salon@gmail.com<\/a> ali pa nas pokli\u010dite na: +386 31 255 900.<\/p>\n","protected":false},"excerpt":{"rendered":"<p>Ta plo\u0161\u010dica prihaja iz \u0160panije, ki je znana po kvalitetni keramiki. 9 mm je debelina, ki zadovolji tudi zahtevnej\u0161e kupce. 25,08 EUR v klasi\u010dni trgovini, pri nas pa le 20,06 EUR. \u0160irina in dol\u017eina te plo\u0161\u010dice sta 33,3&#215;33,3 cm. Ta model plo\u0161\u010dice se najbolje prodaja v rjavi barvi. Kliknite na ime kolekcije za ogled vseh [&hellip;]<\/p>\n","protected":false},"featured_media":108035,"template":"","meta":[],"product_cat":[200,220,230,999,999114],"product_tag":[],"_links":{"self":[{"href":"https:\/\/www.keramika.com\/slovenija\/wp-json\/wp\/v2\/product\/108034"}],"collection":[{"href":"https:\/\/www.keramika.com\/slovenija\/wp-json\/wp\/v2\/product"}],"about":[{"href":"https:\/\/www.keramika.com\/slovenija\/wp-json\/wp\/v2\/types\/product"}],"wp:featuredmedia":[{"embeddable":true,"href":"https:\/\/www.keramika.com\/slovenija\/wp-json\/wp\/v2\/media\/108035"}],"wp:attachment":[{"href":"https:\/\/www.keramika.com\/slovenija\/wp-json\/wp\/v2\/media?parent=108034"}],"wp:term":[{"taxonomy":"product_cat","embeddable":true,"href":"https:\/\/www.keramika.com\/slovenija\/wp-json\/wp\/v2\/product_cat?post=108034"},{"taxonomy":"product_tag","embeddable":true,"href":"https:\/\/www.keramika.com\/slovenija\/wp-json\/wp\/v2\/product_tag?post=108034"}],"curies":[{"name":"wp","href":"https:\/\/api.w.org\/{rel}","templated":true}]}}