{"id":108016,"date":"2017-03-23T02:58:02","date_gmt":"2017-03-23T02:58:02","guid":{"rendered":"http:\/\/keramika.holest.com\/slovenija\/product\/realonda-blur\/"},"modified":"2026-01-05T00:01:36","modified_gmt":"2026-01-05T00:01:36","slug":"realonda-blur","status":"publish","type":"product","link":"https:\/\/www.keramika.com\/slovenija\/realonda-blur\/","title":{"rendered":"Realonda Blur"},"content":{"rendered":"<p>To plo\u0161\u010dico je izdelal proizvajalec Realonda Ceramica, ki prihaja iz \u0160panije. Zelo moderna plo\u0161\u010dica v be\u017e barvi popestri prav vsak prostor. Ta plo\u0161\u010dica je debela 9 mm in je zelo trpe\u017ena. Realonda Blur je na voljo po zelo ugodni ceni 32,75 EUR. Z velikostjo 25&#215;33 cm je ta plo\u0161\u010dica primerna ze razli\u010dne povr\u0161ine.<\/p>\n<p>Kliknite na ime kolekcije za ogled vseh plo\u0161\u010dic iz te serije: <a class=\"pdfcatal\" href=\"\/\/www.ceramictiles.com\/pdf\/realonda\/blur.pdf\" onclick=\"recordOutboundLink(this, 'E-mail', 'Description PDF');return false;\">Realonda Ceramica Blur<\/a><\/p>\n<p>\u010ce \u017eelite naro\u010diti model iz pdf kataloga te kolekcije, nam pi\u0161ite na: <a href=\"mailto:keramoteka.salon@gmail.com\" onclick=\"recordOutboundLink(this, 'E-mail', 'Description mail');return false;\">keramoteka.salon@gmail.com<\/a> ali pa nas pokli\u010dite na: +386 31 255 900.<\/p>\n<p>Technical description: 28,5&#215;33<\/p>\n","protected":false},"excerpt":{"rendered":"<p>To plo\u0161\u010dico je izdelal proizvajalec Realonda Ceramica, ki prihaja iz \u0160panije. Zelo moderna plo\u0161\u010dica v be\u017e barvi popestri prav vsak prostor. Ta plo\u0161\u010dica je debela 9 mm in je zelo trpe\u017ena. Realonda Blur je na voljo po zelo ugodni ceni 32,75 EUR. Z velikostjo 25&#215;33 cm je ta plo\u0161\u010dica primerna ze razli\u010dne povr\u0161ine. Kliknite na [&hellip;]<\/p>\n","protected":false},"featured_media":108017,"template":"","meta":[],"product_cat":[200,220,230,999,999114],"product_tag":[],"_links":{"self":[{"href":"https:\/\/www.keramika.com\/slovenija\/wp-json\/wp\/v2\/product\/108016"}],"collection":[{"href":"https:\/\/www.keramika.com\/slovenija\/wp-json\/wp\/v2\/product"}],"about":[{"href":"https:\/\/www.keramika.com\/slovenija\/wp-json\/wp\/v2\/types\/product"}],"wp:featuredmedia":[{"embeddable":true,"href":"https:\/\/www.keramika.com\/slovenija\/wp-json\/wp\/v2\/media\/108017"}],"wp:attachment":[{"href":"https:\/\/www.keramika.com\/slovenija\/wp-json\/wp\/v2\/media?parent=108016"}],"wp:term":[{"taxonomy":"product_cat","embeddable":true,"href":"https:\/\/www.keramika.com\/slovenija\/wp-json\/wp\/v2\/product_cat?post=108016"},{"taxonomy":"product_tag","embeddable":true,"href":"https:\/\/www.keramika.com\/slovenija\/wp-json\/wp\/v2\/product_tag?post=108016"}],"curies":[{"name":"wp","href":"https:\/\/api.w.org\/{rel}","templated":true}]}}