{"id":108003,"date":"2017-03-23T02:57:35","date_gmt":"2017-03-23T02:57:35","guid":{"rendered":"http:\/\/keramika.holest.com\/slovenija\/product\/realonda-antiga\/"},"modified":"2026-01-05T00:01:36","modified_gmt":"2026-01-05T00:01:36","slug":"realonda-antiga","status":"publish","type":"product","link":"https:\/\/www.keramika.com\/slovenija\/realonda-antiga\/","title":{"rendered":"Realonda Antiga"},"content":{"rendered":"<p>Ta model plo\u0161\u010dice se najbolje prodaja v sivi barvi. 9 mm je debelina, ki zadovolji tudi zahtevnej\u0161e kupce. Ta plo\u0161\u010dica prihaja iz \u0160panije, ki je znana po kvalitetni keramiki. Dimenzije te plo\u0161\u010dice so 44&#215;44 cm. Na spletu boste za to plo\u0161\u010dico od\u0161teli le 34 EUR, medtem ko v redni prodaji cena zna\u0161a 42,5 EUR.<\/p>\n<p>Kliknite na ime kolekcije za ogled vseh plo\u0161\u010dic iz te serije: <a class=\"pdfcatal\" href=\"\/\/www.ceramictiles.com\/pdf\/realonda\/antiga.pdf\" onclick=\"recordOutboundLink(this, 'E-mail', 'Description PDF');return false;\">Realonda Ceramica Antiga<\/a><\/p>\n<p>\u010ce \u017eelite naro\u010diti model iz pdf kataloga te kolekcije, nam pi\u0161ite na: <a href=\"mailto:keramoteka.salon@gmail.com\" onclick=\"recordOutboundLink(this, 'E-mail', 'Description mail');return false;\">keramoteka.salon@gmail.com<\/a> ali pa nas pokli\u010dite na: +386 31 255 900.<\/p>\n","protected":false},"excerpt":{"rendered":"<p>Ta model plo\u0161\u010dice se najbolje prodaja v sivi barvi. 9 mm je debelina, ki zadovolji tudi zahtevnej\u0161e kupce. Ta plo\u0161\u010dica prihaja iz \u0160panije, ki je znana po kvalitetni keramiki. Dimenzije te plo\u0161\u010dice so 44&#215;44 cm. Na spletu boste za to plo\u0161\u010dico od\u0161teli le 34 EUR, medtem ko v redni prodaji cena zna\u0161a 42,5 EUR. Kliknite [&hellip;]<\/p>\n","protected":false},"featured_media":108004,"template":"","meta":[],"product_cat":[200,220,230,999,999114],"product_tag":[],"_links":{"self":[{"href":"https:\/\/www.keramika.com\/slovenija\/wp-json\/wp\/v2\/product\/108003"}],"collection":[{"href":"https:\/\/www.keramika.com\/slovenija\/wp-json\/wp\/v2\/product"}],"about":[{"href":"https:\/\/www.keramika.com\/slovenija\/wp-json\/wp\/v2\/types\/product"}],"wp:featuredmedia":[{"embeddable":true,"href":"https:\/\/www.keramika.com\/slovenija\/wp-json\/wp\/v2\/media\/108004"}],"wp:attachment":[{"href":"https:\/\/www.keramika.com\/slovenija\/wp-json\/wp\/v2\/media?parent=108003"}],"wp:term":[{"taxonomy":"product_cat","embeddable":true,"href":"https:\/\/www.keramika.com\/slovenija\/wp-json\/wp\/v2\/product_cat?post=108003"},{"taxonomy":"product_tag","embeddable":true,"href":"https:\/\/www.keramika.com\/slovenija\/wp-json\/wp\/v2\/product_tag?post=108003"}],"curies":[{"name":"wp","href":"https:\/\/api.w.org\/{rel}","templated":true}]}}