{"id":107995,"date":"2017-03-23T02:57:24","date_gmt":"2017-03-23T02:57:24","guid":{"rendered":"http:\/\/keramika.holest.com\/slovenija\/product\/mayolica-tramonto-terra\/"},"modified":"2026-01-05T00:01:36","modified_gmt":"2026-01-05T00:01:36","slug":"mayolica-tramonto-terra","status":"publish","type":"product","link":"https:\/\/www.keramika.com\/slovenija\/mayolica-tramonto-terra\/","title":{"rendered":"Mayolica Tramonto\u00a0Terra"},"content":{"rendered":"<p>Namesto 15,13 EUR kot bi za to plo\u0161\u010dico od\u0161teli v klasi\u010dni trgovini, boste v na\u0161i spletni prodajalni od\u0161teli le 12,1 EUR. \u0160irina in dol\u017eina te plo\u0161\u010dice sta 20&#215;60 cm. Zelo moderna plo\u0161\u010dica v rjavi barvi popestri prav vsak prostor. Plo\u0161\u010dica je debela kar 8 mm, kar jo uvr\u0161\u010da med bolj trde plo\u0161\u010dice. Mayolica Tramonto\u00a0Terra je plo\u0161\u010dica proizvajalca Mayolica Ceramica in prihaja iz \u0160panije.<\/p>\n<p>Kliknite na ime kolekcije za ogled vseh plo\u0161\u010dic iz te serije: <a class=\"pdfcatal\" href=\"\/\/www.ceramictiles.com\/pdf\/mayolica\/mayolica_tramonto\u00a0.pdf\" onclick=\"recordOutboundLink(this, 'E-mail', 'Description PDF');return false;\">Mayolica Ceramica Tramonto\u00a0<\/a><\/p>\n<p>\u010ce \u017eelite naro\u010diti model iz pdf kataloga te kolekcije, nam pi\u0161ite na: <a href=\"mailto:keramoteka.salon@gmail.com\" onclick=\"recordOutboundLink(this, 'E-mail', 'Description mail');return false;\">keramoteka.salon@gmail.com<\/a> ali pa nas pokli\u010dite na: +386 31 255 900.<\/p>\n","protected":false},"excerpt":{"rendered":"<p>Namesto 15,13 EUR kot bi za to plo\u0161\u010dico od\u0161teli v klasi\u010dni trgovini, boste v na\u0161i spletni prodajalni od\u0161teli le 12,1 EUR. \u0160irina in dol\u017eina te plo\u0161\u010dice sta 20&#215;60 cm. Zelo moderna plo\u0161\u010dica v rjavi barvi popestri prav vsak prostor. Plo\u0161\u010dica je debela kar 8 mm, kar jo uvr\u0161\u010da med bolj trde plo\u0161\u010dice. Mayolica Tramonto\u00a0Terra je [&hellip;]<\/p>\n","protected":false},"featured_media":107996,"template":"","meta":[],"product_cat":[99,200,230,999830,999,250],"product_tag":[],"_links":{"self":[{"href":"https:\/\/www.keramika.com\/slovenija\/wp-json\/wp\/v2\/product\/107995"}],"collection":[{"href":"https:\/\/www.keramika.com\/slovenija\/wp-json\/wp\/v2\/product"}],"about":[{"href":"https:\/\/www.keramika.com\/slovenija\/wp-json\/wp\/v2\/types\/product"}],"wp:featuredmedia":[{"embeddable":true,"href":"https:\/\/www.keramika.com\/slovenija\/wp-json\/wp\/v2\/media\/107996"}],"wp:attachment":[{"href":"https:\/\/www.keramika.com\/slovenija\/wp-json\/wp\/v2\/media?parent=107995"}],"wp:term":[{"taxonomy":"product_cat","embeddable":true,"href":"https:\/\/www.keramika.com\/slovenija\/wp-json\/wp\/v2\/product_cat?post=107995"},{"taxonomy":"product_tag","embeddable":true,"href":"https:\/\/www.keramika.com\/slovenija\/wp-json\/wp\/v2\/product_tag?post=107995"}],"curies":[{"name":"wp","href":"https:\/\/api.w.org\/{rel}","templated":true}]}}