{"id":107987,"date":"2017-03-23T02:57:08","date_gmt":"2017-03-23T02:57:08","guid":{"rendered":"http:\/\/keramika.holest.com\/slovenija\/product\/mayolica-prisma-pistacho\/"},"modified":"2026-01-05T00:01:35","modified_gmt":"2026-01-05T00:01:35","slug":"mayolica-prisma-pistacho","status":"publish","type":"product","link":"https:\/\/www.keramika.com\/slovenija\/mayolica-prisma-pistacho\/","title":{"rendered":"Mayolica Prisma Pistacho"},"content":{"rendered":"<p>7 mm je debelina, ki zadovolji tudi zahtevnej\u0161e kupce. Z 20&#215;20 cm je ta plo\u0161\u010dica primerna za razli\u010dne podlage. Ta plo\u0161\u010dica je na voljo v \u010dudoviti zeleni barvi, \u010de \u017eelite kak\u0161no drugo barvo pa nas kontaktirajte in preverili bomo pri proizvajalcu. Prihaja iz \u0160panije, ki po svetu slovi kot ena bolj\u0161ih proizvajalk kerami\u010dnih plo\u0161\u010dic. Na spletu boste za to plo\u0161\u010dico od\u0161teli le 10,89 EUR, medtem ko v redni prodaji cena zna\u0161a 13,61 EUR.<\/p>\n<p>Kliknite na ime kolekcije za ogled vseh plo\u0161\u010dic iz te serije: <a class=\"pdfcatal\" href=\"\/\/www.ceramictiles.com\/pdf\/mayolica\/mayolica_prisma.pdf\" onclick=\"recordOutboundLink(this, 'E-mail', 'Description PDF');return false;\">Mayolica Ceramica Prisma<\/a><\/p>\n<p>\u010ce \u017eelite naro\u010diti model iz pdf kataloga te kolekcije, nam pi\u0161ite na: <a href=\"mailto:keramoteka.salon@gmail.com\" onclick=\"recordOutboundLink(this, 'E-mail', 'Description mail');return false;\">keramoteka.salon@gmail.com<\/a> ali pa nas pokli\u010dite na: +386 31 255 900.<\/p>\n","protected":false},"excerpt":{"rendered":"<p>7 mm je debelina, ki zadovolji tudi zahtevnej\u0161e kupce. Z 20&#215;20 cm je ta plo\u0161\u010dica primerna za razli\u010dne podlage. Ta plo\u0161\u010dica je na voljo v \u010dudoviti zeleni barvi, \u010de \u017eelite kak\u0161no drugo barvo pa nas kontaktirajte in preverili bomo pri proizvajalcu. Prihaja iz \u0160panije, ki po svetu slovi kot ena bolj\u0161ih proizvajalk kerami\u010dnih plo\u0161\u010dic. Na [&hellip;]<\/p>\n","protected":false},"featured_media":107988,"template":"","meta":[],"product_cat":[99,200,230,999830,999,250],"product_tag":[],"_links":{"self":[{"href":"https:\/\/www.keramika.com\/slovenija\/wp-json\/wp\/v2\/product\/107987"}],"collection":[{"href":"https:\/\/www.keramika.com\/slovenija\/wp-json\/wp\/v2\/product"}],"about":[{"href":"https:\/\/www.keramika.com\/slovenija\/wp-json\/wp\/v2\/types\/product"}],"wp:featuredmedia":[{"embeddable":true,"href":"https:\/\/www.keramika.com\/slovenija\/wp-json\/wp\/v2\/media\/107988"}],"wp:attachment":[{"href":"https:\/\/www.keramika.com\/slovenija\/wp-json\/wp\/v2\/media?parent=107987"}],"wp:term":[{"taxonomy":"product_cat","embeddable":true,"href":"https:\/\/www.keramika.com\/slovenija\/wp-json\/wp\/v2\/product_cat?post=107987"},{"taxonomy":"product_tag","embeddable":true,"href":"https:\/\/www.keramika.com\/slovenija\/wp-json\/wp\/v2\/product_tag?post=107987"}],"curies":[{"name":"wp","href":"https:\/\/api.w.org\/{rel}","templated":true}]}}