{"id":107971,"date":"2017-03-23T02:56:37","date_gmt":"2017-03-23T02:56:37","guid":{"rendered":"http:\/\/keramika.holest.com\/slovenija\/product\/mayolica-master-blanco\/"},"modified":"2026-01-05T00:01:35","modified_gmt":"2026-01-05T00:01:35","slug":"mayolica-master-blanco","status":"publish","type":"product","link":"https:\/\/www.keramika.com\/slovenija\/mayolica-master-blanco\/","title":{"rendered":"Mayolica Master Blanco"},"content":{"rendered":"<p>Debelina kar 7 mm dela to plo\u0161\u010dico zelo trpe\u017eno in presti\u017eno na otip. Zaradi ni\u017ejih stro\u0161kov pri spletni prodaji boste na na\u0161i strani za to plo\u0161\u010dico od\u0161teli le 12,1 EUR. To plo\u0161\u010dico je izdelal proizvajalec Mayolica Ceramica, ki prihaja iz \u0160panije. Velikost te plo\u0161\u010dice je 20&#215;20 cm. Ta model plo\u0161\u010dice se najbolje prodaja v beli barvi.<\/p>\n<p>Kliknite na ime kolekcije za ogled vseh plo\u0161\u010dic iz te serije: <a class=\"pdfcatal\" href=\"\/\/www.ceramictiles.com\/pdf\/mayolica\/mayolica_master.pdf\" onclick=\"recordOutboundLink(this, 'E-mail', 'Description PDF');return false;\">Mayolica Ceramica Master<\/a><\/p>\n<p>\u010ce \u017eelite naro\u010diti model iz pdf kataloga te kolekcije, nam pi\u0161ite na: <a href=\"mailto:keramoteka.salon@gmail.com\" onclick=\"recordOutboundLink(this, 'E-mail', 'Description mail');return false;\">keramoteka.salon@gmail.com<\/a> ali pa nas pokli\u010dite na: +386 31 255 900.<\/p>\n","protected":false},"excerpt":{"rendered":"<p>Debelina kar 7 mm dela to plo\u0161\u010dico zelo trpe\u017eno in presti\u017eno na otip. Zaradi ni\u017ejih stro\u0161kov pri spletni prodaji boste na na\u0161i strani za to plo\u0161\u010dico od\u0161teli le 12,1 EUR. To plo\u0161\u010dico je izdelal proizvajalec Mayolica Ceramica, ki prihaja iz \u0160panije. Velikost te plo\u0161\u010dice je 20&#215;20 cm. Ta model plo\u0161\u010dice se najbolje prodaja v beli [&hellip;]<\/p>\n","protected":false},"featured_media":107972,"template":"","meta":[],"product_cat":[99,200,230,999830,999,250],"product_tag":[],"_links":{"self":[{"href":"https:\/\/www.keramika.com\/slovenija\/wp-json\/wp\/v2\/product\/107971"}],"collection":[{"href":"https:\/\/www.keramika.com\/slovenija\/wp-json\/wp\/v2\/product"}],"about":[{"href":"https:\/\/www.keramika.com\/slovenija\/wp-json\/wp\/v2\/types\/product"}],"wp:featuredmedia":[{"embeddable":true,"href":"https:\/\/www.keramika.com\/slovenija\/wp-json\/wp\/v2\/media\/107972"}],"wp:attachment":[{"href":"https:\/\/www.keramika.com\/slovenija\/wp-json\/wp\/v2\/media?parent=107971"}],"wp:term":[{"taxonomy":"product_cat","embeddable":true,"href":"https:\/\/www.keramika.com\/slovenija\/wp-json\/wp\/v2\/product_cat?post=107971"},{"taxonomy":"product_tag","embeddable":true,"href":"https:\/\/www.keramika.com\/slovenija\/wp-json\/wp\/v2\/product_tag?post=107971"}],"curies":[{"name":"wp","href":"https:\/\/api.w.org\/{rel}","templated":true}]}}