{"id":107923,"date":"2017-03-23T02:55:36","date_gmt":"2017-03-23T02:55:36","guid":{"rendered":"http:\/\/keramika.holest.com\/slovenija\/product\/mayolica-brescia-crema\/"},"modified":"2026-01-05T00:01:34","modified_gmt":"2026-01-05T00:01:34","slug":"mayolica-brescia-crema","status":"publish","type":"product","link":"https:\/\/www.keramika.com\/slovenija\/mayolica-brescia-crema\/","title":{"rendered":"Mayolica Brescia Crema"},"content":{"rendered":"<p>Na spletu boste za to plo\u0161\u010dico od\u0161teli le 17,6 EUR, medtem ko v redni prodaji cena zna\u0161a 22 EUR. Ta plo\u0161\u010dica je debela 9 mm in je zelo trpe\u017ena. Ta plo\u0161\u010dica prihaja iz \u0160panije, ki je znana po kvalitetni keramiki. Letos so plo\u0161\u010dice v be\u017e barvi zelo za\u017eeljene. Velikost te plo\u0161\u010dice je 31,6&#215;75,6 cm.<\/p>\n<p>Kliknite na ime kolekcije za ogled vseh plo\u0161\u010dic iz te serije: <a class=\"pdfcatal\" href=\"\/\/www.ceramictiles.com\/pdf\/mayolica\/mayolica_brescia.pdf\" onclick=\"recordOutboundLink(this, 'E-mail', 'Description PDF');return false;\">Mayolica Ceramica Brescia<\/a><\/p>\n<p>\u010ce \u017eelite naro\u010diti model iz pdf kataloga te kolekcije, nam pi\u0161ite na: <a href=\"mailto:keramoteka.salon@gmail.com\" onclick=\"recordOutboundLink(this, 'E-mail', 'Description mail');return false;\">keramoteka.salon@gmail.com<\/a> ali pa nas pokli\u010dite na: +386 31 255 900.<\/p>\n","protected":false},"excerpt":{"rendered":"<p>Na spletu boste za to plo\u0161\u010dico od\u0161teli le 17,6 EUR, medtem ko v redni prodaji cena zna\u0161a 22 EUR. Ta plo\u0161\u010dica je debela 9 mm in je zelo trpe\u017ena. Ta plo\u0161\u010dica prihaja iz \u0160panije, ki je znana po kvalitetni keramiki. Letos so plo\u0161\u010dice v be\u017e barvi zelo za\u017eeljene. Velikost te plo\u0161\u010dice je 31,6&#215;75,6 cm. Kliknite [&hellip;]<\/p>\n","protected":false},"featured_media":107924,"template":"","meta":[],"product_cat":[99,200,230,999830,999,250],"product_tag":[],"_links":{"self":[{"href":"https:\/\/www.keramika.com\/slovenija\/wp-json\/wp\/v2\/product\/107923"}],"collection":[{"href":"https:\/\/www.keramika.com\/slovenija\/wp-json\/wp\/v2\/product"}],"about":[{"href":"https:\/\/www.keramika.com\/slovenija\/wp-json\/wp\/v2\/types\/product"}],"wp:featuredmedia":[{"embeddable":true,"href":"https:\/\/www.keramika.com\/slovenija\/wp-json\/wp\/v2\/media\/107924"}],"wp:attachment":[{"href":"https:\/\/www.keramika.com\/slovenija\/wp-json\/wp\/v2\/media?parent=107923"}],"wp:term":[{"taxonomy":"product_cat","embeddable":true,"href":"https:\/\/www.keramika.com\/slovenija\/wp-json\/wp\/v2\/product_cat?post=107923"},{"taxonomy":"product_tag","embeddable":true,"href":"https:\/\/www.keramika.com\/slovenija\/wp-json\/wp\/v2\/product_tag?post=107923"}],"curies":[{"name":"wp","href":"https:\/\/api.w.org\/{rel}","templated":true}]}}