{"id":107915,"date":"2017-03-23T02:55:27","date_gmt":"2017-03-23T02:55:27","guid":{"rendered":"http:\/\/keramika.holest.com\/slovenija\/product\/mayolica-avalon-blanco\/"},"modified":"2026-01-05T00:01:33","modified_gmt":"2026-01-05T00:01:33","slug":"mayolica-avalon-blanco","status":"publish","type":"product","link":"https:\/\/www.keramika.com\/slovenija\/mayolica-avalon-blanco\/","title":{"rendered":"Mayolica Avalon Blanco"},"content":{"rendered":"<p>Plo\u0161\u010dica je debela kar 8 mm, kar jo uvr\u0161\u010da med bolj trde plo\u0161\u010dice. \u0160irina in dol\u017eina te plo\u0161\u010dice sta 31,6&#215;75,6 cm. Na spletu boste za to plo\u0161\u010dico od\u0161teli le 17,6 EUR, medtem ko v redni prodaji cena zna\u0161a 22 EUR. Zelo moderna plo\u0161\u010dica v beli barvi popestri prav vsak prostor. Mayolica Avalon Blanco je plo\u0161\u010dica proizvajalca Mayolica Ceramica in prihaja iz \u0160panije.<\/p>\n<p>Kliknite na ime kolekcije za ogled vseh plo\u0161\u010dic iz te serije: <a class=\"pdfcatal\" href=\"\/\/www.ceramictiles.com\/pdf\/mayolica\/mayolica_avalon.pdf\" onclick=\"recordOutboundLink(this, 'E-mail', 'Description PDF');return false;\">Mayolica Ceramica Avalon<\/a><\/p>\n<p>\u010ce \u017eelite naro\u010diti model iz pdf kataloga te kolekcije, nam pi\u0161ite na: <a href=\"mailto:keramoteka.salon@gmail.com\" onclick=\"recordOutboundLink(this, 'E-mail', 'Description mail');return false;\">keramoteka.salon@gmail.com<\/a> ali pa nas pokli\u010dite na: +386 31 255 900.<\/p>\n<p>Technical description: 28&#215;70<\/p>\n","protected":false},"excerpt":{"rendered":"<p>Plo\u0161\u010dica je debela kar 8 mm, kar jo uvr\u0161\u010da med bolj trde plo\u0161\u010dice. \u0160irina in dol\u017eina te plo\u0161\u010dice sta 31,6&#215;75,6 cm. Na spletu boste za to plo\u0161\u010dico od\u0161teli le 17,6 EUR, medtem ko v redni prodaji cena zna\u0161a 22 EUR. Zelo moderna plo\u0161\u010dica v beli barvi popestri prav vsak prostor. Mayolica Avalon Blanco je plo\u0161\u010dica [&hellip;]<\/p>\n","protected":false},"featured_media":107916,"template":"","meta":[],"product_cat":[99,200,230,999830,999,250],"product_tag":[],"_links":{"self":[{"href":"https:\/\/www.keramika.com\/slovenija\/wp-json\/wp\/v2\/product\/107915"}],"collection":[{"href":"https:\/\/www.keramika.com\/slovenija\/wp-json\/wp\/v2\/product"}],"about":[{"href":"https:\/\/www.keramika.com\/slovenija\/wp-json\/wp\/v2\/types\/product"}],"wp:featuredmedia":[{"embeddable":true,"href":"https:\/\/www.keramika.com\/slovenija\/wp-json\/wp\/v2\/media\/107916"}],"wp:attachment":[{"href":"https:\/\/www.keramika.com\/slovenija\/wp-json\/wp\/v2\/media?parent=107915"}],"wp:term":[{"taxonomy":"product_cat","embeddable":true,"href":"https:\/\/www.keramika.com\/slovenija\/wp-json\/wp\/v2\/product_cat?post=107915"},{"taxonomy":"product_tag","embeddable":true,"href":"https:\/\/www.keramika.com\/slovenija\/wp-json\/wp\/v2\/product_tag?post=107915"}],"curies":[{"name":"wp","href":"https:\/\/api.w.org\/{rel}","templated":true}]}}