{"id":107831,"date":"2017-03-23T02:53:22","date_gmt":"2017-03-23T02:53:22","guid":{"rendered":"http:\/\/keramika.holest.com\/slovenija\/product\/slate-dark-grey\/"},"modified":"2026-01-05T00:01:30","modified_gmt":"2026-01-05T00:01:30","slug":"slate-dark-grey","status":"publish","type":"product","link":"https:\/\/www.keramika.com\/slovenija\/slate-dark-grey\/","title":{"rendered":"Slate dark grey"},"content":{"rendered":"<p>10 mm debeline je dovolj tudi za zahtevnej\u0161e kupce. Slate dark grey je pripeljana iz Portugalske in je zelo kvalitetna. Zelo moderna plo\u0161\u010dica v sivi barvi popestri prav vsak prostor. V redni prodaji bi morali za to plo\u0161\u010dico od\u0161teti 40,62 EUR, spletna cena pa zna\u0161a le 32,5 EUR. \u0160irina in dol\u017eina te plo\u0161\u010dice sta 60&#215;60 cm.<\/p>\n<p>Kliknite na ime kolekcije za ogled vseh plo\u0161\u010dic iz te serije: <a class=\"pdfcatal\" href=\"\/\/www.ceramictiles.com\/pdf\/aleluia\/catalogue_aleluia_slate.pdf\" onclick=\"recordOutboundLink(this, 'E-mail', 'Description PDF');return false;\">Aleluia Slate<\/a><\/p>\n<p>\u010ce \u017eelite naro\u010diti model iz pdf kataloga te kolekcije, nam pi\u0161ite na: <a href=\"mailto:keramoteka.salon@gmail.com\" onclick=\"recordOutboundLink(this, 'E-mail', 'Description mail');return false;\">keramoteka.salon@gmail.com<\/a> ali pa nas pokli\u010dite na: +386 31 255 900.<\/p>\n","protected":false},"excerpt":{"rendered":"<p>10 mm debeline je dovolj tudi za zahtevnej\u0161e kupce. Slate dark grey je pripeljana iz Portugalske in je zelo kvalitetna. Zelo moderna plo\u0161\u010dica v sivi barvi popestri prav vsak prostor. V redni prodaji bi morali za to plo\u0161\u010dico od\u0161teti 40,62 EUR, spletna cena pa zna\u0161a le 32,5 EUR. \u0160irina in dol\u017eina te plo\u0161\u010dice sta 60&#215;60 [&hellip;]<\/p>\n","protected":false},"featured_media":107832,"template":"","meta":[],"product_cat":[99,9991192,200,999],"product_tag":[],"_links":{"self":[{"href":"https:\/\/www.keramika.com\/slovenija\/wp-json\/wp\/v2\/product\/107831"}],"collection":[{"href":"https:\/\/www.keramika.com\/slovenija\/wp-json\/wp\/v2\/product"}],"about":[{"href":"https:\/\/www.keramika.com\/slovenija\/wp-json\/wp\/v2\/types\/product"}],"wp:featuredmedia":[{"embeddable":true,"href":"https:\/\/www.keramika.com\/slovenija\/wp-json\/wp\/v2\/media\/107832"}],"wp:attachment":[{"href":"https:\/\/www.keramika.com\/slovenija\/wp-json\/wp\/v2\/media?parent=107831"}],"wp:term":[{"taxonomy":"product_cat","embeddable":true,"href":"https:\/\/www.keramika.com\/slovenija\/wp-json\/wp\/v2\/product_cat?post=107831"},{"taxonomy":"product_tag","embeddable":true,"href":"https:\/\/www.keramika.com\/slovenija\/wp-json\/wp\/v2\/product_tag?post=107831"}],"curies":[{"name":"wp","href":"https:\/\/api.w.org\/{rel}","templated":true}]}}