{"id":107826,"date":"2017-03-23T02:53:14","date_gmt":"2017-03-23T02:53:14","guid":{"rendered":"http:\/\/keramika.holest.com\/slovenija\/product\/resort-beach\/"},"modified":"2026-01-05T00:01:30","modified_gmt":"2026-01-05T00:01:30","slug":"resort-beach","status":"publish","type":"product","link":"https:\/\/www.keramika.com\/slovenija\/resort-beach\/","title":{"rendered":"Resort beach"},"content":{"rendered":"<p>V redni prodaji bi morali za to plo\u0161\u010dico od\u0161teti 59,23 EUR, spletna cena pa zna\u0161a le 47,38 EUR. Letos so plo\u0161\u010dice v beli barvi zelo za\u017eeljene. 10 mm debeline je dovolj tudi za zahtevnej\u0161e kupce. Ta plo\u0161\u010dica prihaja iz Portugalske, ki je znana po kvalitetni keramiki. Velikost te plo\u0161\u010dice je 14,4&#215;89,3 cm.<\/p>\n<p>Kliknite na ime kolekcije za ogled vseh plo\u0161\u010dic iz te serije: <a class=\"pdfcatal\" href=\"\/\/www.ceramictiles.com\/pdf\/aleluia\/catalogue_aleluia_resort.pdf\" onclick=\"recordOutboundLink(this, 'E-mail', 'Description PDF');return false;\">Aleluia Resort<\/a><\/p>\n<p>\u010ce \u017eelite naro\u010diti model iz pdf kataloga te kolekcije, nam pi\u0161ite na: <a href=\"mailto:keramoteka.salon@gmail.com\" onclick=\"recordOutboundLink(this, 'E-mail', 'Description mail');return false;\">keramoteka.salon@gmail.com<\/a> ali pa nas pokli\u010dite na: +386 31 255 900.<\/p>\n<p>Technical description: 15x90x11 cm<\/p>\n","protected":false},"excerpt":{"rendered":"<p>V redni prodaji bi morali za to plo\u0161\u010dico od\u0161teti 59,23 EUR, spletna cena pa zna\u0161a le 47,38 EUR. Letos so plo\u0161\u010dice v beli barvi zelo za\u017eeljene. 10 mm debeline je dovolj tudi za zahtevnej\u0161e kupce. Ta plo\u0161\u010dica prihaja iz Portugalske, ki je znana po kvalitetni keramiki. Velikost te plo\u0161\u010dice je 14,4&#215;89,3 cm. Kliknite na ime [&hellip;]<\/p>\n","protected":false},"featured_media":107827,"template":"","meta":[],"product_cat":[99,9991192,200,999],"product_tag":[],"_links":{"self":[{"href":"https:\/\/www.keramika.com\/slovenija\/wp-json\/wp\/v2\/product\/107826"}],"collection":[{"href":"https:\/\/www.keramika.com\/slovenija\/wp-json\/wp\/v2\/product"}],"about":[{"href":"https:\/\/www.keramika.com\/slovenija\/wp-json\/wp\/v2\/types\/product"}],"wp:featuredmedia":[{"embeddable":true,"href":"https:\/\/www.keramika.com\/slovenija\/wp-json\/wp\/v2\/media\/107827"}],"wp:attachment":[{"href":"https:\/\/www.keramika.com\/slovenija\/wp-json\/wp\/v2\/media?parent=107826"}],"wp:term":[{"taxonomy":"product_cat","embeddable":true,"href":"https:\/\/www.keramika.com\/slovenija\/wp-json\/wp\/v2\/product_cat?post=107826"},{"taxonomy":"product_tag","embeddable":true,"href":"https:\/\/www.keramika.com\/slovenija\/wp-json\/wp\/v2\/product_tag?post=107826"}],"curies":[{"name":"wp","href":"https:\/\/api.w.org\/{rel}","templated":true}]}}