{"id":107821,"date":"2017-03-23T02:53:04","date_gmt":"2017-03-23T02:53:04","guid":{"rendered":"http:\/\/keramika.holest.com\/slovenija\/product\/plaster-beige\/"},"modified":"2026-01-05T00:01:30","modified_gmt":"2026-01-05T00:01:30","slug":"plaster-beige","status":"publish","type":"product","link":"https:\/\/www.keramika.com\/slovenija\/plaster-beige\/","title":{"rendered":"Plaster beige"},"content":{"rendered":"<p>Letos so plo\u0161\u010dice v be\u017e barvi zelo za\u017eeljene. Debelina kar 10 mm dela to plo\u0161\u010dico zelo trpe\u017eno in presti\u017eno na otip. \u0160irina in dol\u017eina te plo\u0161\u010dice sta 30&#215;60 cm. Plaster beige je pripeljana iz Portugalske in je zelo kvalitetna. V redni prodaji bi morali za to plo\u0161\u010dico od\u0161teti 40,62 EUR, spletna cena pa zna\u0161a le 32,5 EUR.<\/p>\n<p>Kliknite na ime kolekcije za ogled vseh plo\u0161\u010dic iz te serije: <a class=\"pdfcatal\" href=\"\/\/www.ceramictiles.com\/pdf\/aleluia\/catalogue_aleluia_plaster.pdf\" onclick=\"recordOutboundLink(this, 'E-mail', 'Description PDF');return false;\">Aleluia Plaster<\/a><\/p>\n<p>\u010ce \u017eelite naro\u010diti model iz pdf kataloga te kolekcije, nam pi\u0161ite na: <a href=\"mailto:keramoteka.salon@gmail.com\" onclick=\"recordOutboundLink(this, 'E-mail', 'Description mail');return false;\">keramoteka.salon@gmail.com<\/a> ali pa nas pokli\u010dite na: +386 31 255 900.<\/p>\n","protected":false},"excerpt":{"rendered":"<p>Letos so plo\u0161\u010dice v be\u017e barvi zelo za\u017eeljene. Debelina kar 10 mm dela to plo\u0161\u010dico zelo trpe\u017eno in presti\u017eno na otip. \u0160irina in dol\u017eina te plo\u0161\u010dice sta 30&#215;60 cm. Plaster beige je pripeljana iz Portugalske in je zelo kvalitetna. V redni prodaji bi morali za to plo\u0161\u010dico od\u0161teti 40,62 EUR, spletna cena pa zna\u0161a le [&hellip;]<\/p>\n","protected":false},"featured_media":107822,"template":"","meta":[],"product_cat":[99,9991192,200,999],"product_tag":[],"_links":{"self":[{"href":"https:\/\/www.keramika.com\/slovenija\/wp-json\/wp\/v2\/product\/107821"}],"collection":[{"href":"https:\/\/www.keramika.com\/slovenija\/wp-json\/wp\/v2\/product"}],"about":[{"href":"https:\/\/www.keramika.com\/slovenija\/wp-json\/wp\/v2\/types\/product"}],"wp:featuredmedia":[{"embeddable":true,"href":"https:\/\/www.keramika.com\/slovenija\/wp-json\/wp\/v2\/media\/107822"}],"wp:attachment":[{"href":"https:\/\/www.keramika.com\/slovenija\/wp-json\/wp\/v2\/media?parent=107821"}],"wp:term":[{"taxonomy":"product_cat","embeddable":true,"href":"https:\/\/www.keramika.com\/slovenija\/wp-json\/wp\/v2\/product_cat?post=107821"},{"taxonomy":"product_tag","embeddable":true,"href":"https:\/\/www.keramika.com\/slovenija\/wp-json\/wp\/v2\/product_tag?post=107821"}],"curies":[{"name":"wp","href":"https:\/\/api.w.org\/{rel}","templated":true}]}}