{"id":107808,"date":"2017-03-23T02:52:40","date_gmt":"2017-03-23T02:52:40","guid":{"rendered":"http:\/\/keramika.holest.com\/slovenija\/product\/onda-preto\/"},"modified":"2026-01-05T00:01:29","modified_gmt":"2026-01-05T00:01:29","slug":"onda-preto","status":"publish","type":"product","link":"https:\/\/www.keramika.com\/slovenija\/onda-preto\/","title":{"rendered":"Onda preto"},"content":{"rendered":"<p>31,85 EUR v klasi\u010dni trgovini, pri nas pa le 25,48 EUR. Prihaja iz Portugalske, ki po svetu slovi kot ena bolj\u0161ih proizvajalk kerami\u010dnih plo\u0161\u010dic. 8 mm debeline je dovolj tudi za zahtevnej\u0161e kupce. Z velikostjo 33,3&#215;33,3 cm je ta plo\u0161\u010dica primerna ze razli\u010dne povr\u0161ine. Keramika v \u010drni barvi popestri vsak prostor.<\/p>\n<p>Kliknite na ime kolekcije za ogled vseh plo\u0161\u010dic iz te serije: <a class=\"pdfcatal\" href=\"\/\/www.ceramictiles.com\/pdf\/aleluia\/catalogue_aleluia_onda.pdf\" onclick=\"recordOutboundLink(this, 'E-mail', 'Description PDF');return false;\">Aleluia Onda<\/a><\/p>\n<p>\u010ce \u017eelite naro\u010diti model iz pdf kataloga te kolekcije, nam pi\u0161ite na: <a href=\"mailto:keramoteka.salon@gmail.com\" onclick=\"recordOutboundLink(this, 'E-mail', 'Description mail');return false;\">keramoteka.salon@gmail.com<\/a> ali pa nas pokli\u010dite na: +386 31 255 900.<\/p>\n","protected":false},"excerpt":{"rendered":"<p>31,85 EUR v klasi\u010dni trgovini, pri nas pa le 25,48 EUR. Prihaja iz Portugalske, ki po svetu slovi kot ena bolj\u0161ih proizvajalk kerami\u010dnih plo\u0161\u010dic. 8 mm debeline je dovolj tudi za zahtevnej\u0161e kupce. Z velikostjo 33,3&#215;33,3 cm je ta plo\u0161\u010dica primerna ze razli\u010dne povr\u0161ine. Keramika v \u010drni barvi popestri vsak prostor. Kliknite na ime kolekcije [&hellip;]<\/p>\n","protected":false},"featured_media":107809,"template":"","meta":[],"product_cat":[99,9991192,200,999],"product_tag":[],"_links":{"self":[{"href":"https:\/\/www.keramika.com\/slovenija\/wp-json\/wp\/v2\/product\/107808"}],"collection":[{"href":"https:\/\/www.keramika.com\/slovenija\/wp-json\/wp\/v2\/product"}],"about":[{"href":"https:\/\/www.keramika.com\/slovenija\/wp-json\/wp\/v2\/types\/product"}],"wp:featuredmedia":[{"embeddable":true,"href":"https:\/\/www.keramika.com\/slovenija\/wp-json\/wp\/v2\/media\/107809"}],"wp:attachment":[{"href":"https:\/\/www.keramika.com\/slovenija\/wp-json\/wp\/v2\/media?parent=107808"}],"wp:term":[{"taxonomy":"product_cat","embeddable":true,"href":"https:\/\/www.keramika.com\/slovenija\/wp-json\/wp\/v2\/product_cat?post=107808"},{"taxonomy":"product_tag","embeddable":true,"href":"https:\/\/www.keramika.com\/slovenija\/wp-json\/wp\/v2\/product_tag?post=107808"}],"curies":[{"name":"wp","href":"https:\/\/api.w.org\/{rel}","templated":true}]}}