{"id":107806,"date":"2017-03-23T02:52:32","date_gmt":"2017-03-23T02:52:32","guid":{"rendered":"http:\/\/keramika.holest.com\/slovenija\/product\/ocean-beige\/"},"modified":"2026-01-05T00:01:29","modified_gmt":"2026-01-05T00:01:29","slug":"ocean-beige","status":"publish","type":"product","link":"https:\/\/www.keramika.com\/slovenija\/ocean-beige\/","title":{"rendered":"Ocean beige"},"content":{"rendered":"<p>Redna cena te plo\u0161\u010dice v maloprodaji zna\u0161a 30,87 EUR, v na\u0161i spletni trgovini pa jo lahko dobite \u017ee za 24,7 EUR. Ta plo\u0161\u010dica je debela 10 mm in je zelo trpe\u017ena. Velikost te plo\u0161\u010dice je 30&#215;60 cm. Ta model plo\u0161\u010dice se najbolje prodaja v be\u017e barvi. To plo\u0161\u010dico je izdelal proizvajalec Aleluia, ki prihaja iz Portugalske.<\/p>\n<p>Kliknite na ime kolekcije za ogled vseh plo\u0161\u010dic iz te serije: <a class=\"pdfcatal\" href=\"\/\/www.ceramictiles.com\/pdf\/aleluia\/catalogue_aleluia_ocean.pdf\">Aleluia Ocean<\/a><\/p>\n<p>\u010ce \u017eelite naro\u010diti model iz pdf kataloga te kolekcije, nam pi\u0161ite na: <a href=\"mailto:keramoteka.salon@gmail.com\">keramoteka.salon@gmail.com<\/a> ali pa nas pokli\u010dite na: +386 31 255 900.<\/p>\n","protected":false},"excerpt":{"rendered":"<p>Redna cena te plo\u0161\u010dice v maloprodaji zna\u0161a 30,87 EUR, v na\u0161i spletni trgovini pa jo lahko dobite \u017ee za 24,7 EUR. Ta plo\u0161\u010dica je debela 10 mm in je zelo trpe\u017ena. Velikost te plo\u0161\u010dice je 30&#215;60 cm. Ta model plo\u0161\u010dice se najbolje prodaja v be\u017e barvi. To plo\u0161\u010dico je izdelal proizvajalec Aleluia, ki prihaja iz [&hellip;]<\/p>\n","protected":false},"featured_media":107807,"template":"","meta":[],"product_cat":[99,9991192,200,999],"product_tag":[],"_links":{"self":[{"href":"https:\/\/www.keramika.com\/slovenija\/wp-json\/wp\/v2\/product\/107806"}],"collection":[{"href":"https:\/\/www.keramika.com\/slovenija\/wp-json\/wp\/v2\/product"}],"about":[{"href":"https:\/\/www.keramika.com\/slovenija\/wp-json\/wp\/v2\/types\/product"}],"wp:featuredmedia":[{"embeddable":true,"href":"https:\/\/www.keramika.com\/slovenija\/wp-json\/wp\/v2\/media\/107807"}],"wp:attachment":[{"href":"https:\/\/www.keramika.com\/slovenija\/wp-json\/wp\/v2\/media?parent=107806"}],"wp:term":[{"taxonomy":"product_cat","embeddable":true,"href":"https:\/\/www.keramika.com\/slovenija\/wp-json\/wp\/v2\/product_cat?post=107806"},{"taxonomy":"product_tag","embeddable":true,"href":"https:\/\/www.keramika.com\/slovenija\/wp-json\/wp\/v2\/product_tag?post=107806"}],"curies":[{"name":"wp","href":"https:\/\/api.w.org\/{rel}","templated":true}]}}