{"id":107726,"date":"2017-03-23T02:50:37","date_gmt":"2017-03-23T02:50:37","guid":{"rendered":"http:\/\/keramika.holest.com\/slovenija\/product\/dakar-dark-grey\/"},"modified":"2026-01-05T00:01:27","modified_gmt":"2026-01-05T00:01:27","slug":"dakar-dark-grey","status":"publish","type":"product","link":"https:\/\/www.keramika.com\/slovenija\/dakar-dark-grey\/","title":{"rendered":"Dakar dark grey"},"content":{"rendered":"<p>To plo\u0161\u010dico je izdelal proizvajalec Aleluia, ki prihaja iz Portugalske. Pri izbiri plo\u0161\u010dice v sivi barvi ne morete zgre\u0161iti. 10 mm je debelina, ki zadovolji tudi zahtevnej\u0161e kupce. 40,62 EUR v klasi\u010dni trgovini, pri nas pa le 32,5 EUR. Velikost te plo\u0161\u010dice je 30&#215;60 cm.<\/p>\n<p>Kliknite na ime kolekcije za ogled vseh plo\u0161\u010dic iz te serije: <a class=\"pdfcatal\" href=\"\/\/www.ceramictiles.com\/pdf\/aleluia\/catalogue_aleluia_dakar.pdf\" onclick=\"recordOutboundLink(this, 'E-mail', 'Description PDF');return false;\">Aleluia Dakar<\/a><\/p>\n<p>\u010ce \u017eelite naro\u010diti model iz pdf kataloga te kolekcije, nam pi\u0161ite na: <a href=\"mailto:keramoteka.salon@gmail.com\" onclick=\"recordOutboundLink(this, 'E-mail', 'Description mail');return false;\">keramoteka.salon@gmail.com<\/a> ali pa nas pokli\u010dite na: +386 31 255 900.<\/p>\n","protected":false},"excerpt":{"rendered":"<p>To plo\u0161\u010dico je izdelal proizvajalec Aleluia, ki prihaja iz Portugalske. Pri izbiri plo\u0161\u010dice v sivi barvi ne morete zgre\u0161iti. 10 mm je debelina, ki zadovolji tudi zahtevnej\u0161e kupce. 40,62 EUR v klasi\u010dni trgovini, pri nas pa le 32,5 EUR. Velikost te plo\u0161\u010dice je 30&#215;60 cm. Kliknite na ime kolekcije za ogled vseh plo\u0161\u010dic iz te [&hellip;]<\/p>\n","protected":false},"featured_media":107727,"template":"","meta":[],"product_cat":[99,9991192,200,999],"product_tag":[],"_links":{"self":[{"href":"https:\/\/www.keramika.com\/slovenija\/wp-json\/wp\/v2\/product\/107726"}],"collection":[{"href":"https:\/\/www.keramika.com\/slovenija\/wp-json\/wp\/v2\/product"}],"about":[{"href":"https:\/\/www.keramika.com\/slovenija\/wp-json\/wp\/v2\/types\/product"}],"wp:featuredmedia":[{"embeddable":true,"href":"https:\/\/www.keramika.com\/slovenija\/wp-json\/wp\/v2\/media\/107727"}],"wp:attachment":[{"href":"https:\/\/www.keramika.com\/slovenija\/wp-json\/wp\/v2\/media?parent=107726"}],"wp:term":[{"taxonomy":"product_cat","embeddable":true,"href":"https:\/\/www.keramika.com\/slovenija\/wp-json\/wp\/v2\/product_cat?post=107726"},{"taxonomy":"product_tag","embeddable":true,"href":"https:\/\/www.keramika.com\/slovenija\/wp-json\/wp\/v2\/product_tag?post=107726"}],"curies":[{"name":"wp","href":"https:\/\/api.w.org\/{rel}","templated":true}]}}