{"id":107706,"date":"2017-03-23T02:50:09","date_gmt":"2017-03-23T02:50:09","guid":{"rendered":"http:\/\/keramika.holest.com\/slovenija\/product\/brancos\/"},"modified":"2026-01-05T00:01:26","modified_gmt":"2026-01-05T00:01:26","slug":"brancos","status":"publish","type":"product","link":"https:\/\/www.keramika.com\/slovenija\/brancos\/","title":{"rendered":"Brancos"},"content":{"rendered":"<p>Brancos je pripeljana iz Portugalske in je zelo kvalitetna. Brancos je na voljo po zelo ugodni ceni 18,07 EUR. Keramika v beli barvi popestri vsak prostor. 8 mm je debelina, ki zadovolji tudi zahtevnej\u0161e kupce. Velikost te plo\u0161\u010dice je 25&#215;40 cm.<\/p>\n<p>Kliknite na ime kolekcije za ogled vseh plo\u0161\u010dic iz te serije: <a class=\"pdfcatal\" href=\"\/\/www.ceramictiles.com\/pdf\/aleluia\/catalogue_aleluia_brancos.pdf\" onclick=\"recordOutboundLink(this, 'E-mail', 'Description PDF');return false;\">Aleluia Brancos<\/a><\/p>\n<p>\u010ce \u017eelite naro\u010diti model iz pdf kataloga te kolekcije, nam pi\u0161ite na: <a href=\"mailto:keramoteka.salon@gmail.com\" onclick=\"recordOutboundLink(this, 'E-mail', 'Description mail');return false;\">keramoteka.salon@gmail.com<\/a> ali pa nas pokli\u010dite na: +386 31 255 900.<\/p>\n","protected":false},"excerpt":{"rendered":"<p>Brancos je pripeljana iz Portugalske in je zelo kvalitetna. Brancos je na voljo po zelo ugodni ceni 18,07 EUR. Keramika v beli barvi popestri vsak prostor. 8 mm je debelina, ki zadovolji tudi zahtevnej\u0161e kupce. Velikost te plo\u0161\u010dice je 25&#215;40 cm. Kliknite na ime kolekcije za ogled vseh plo\u0161\u010dic iz te serije: Aleluia Brancos \u010ce [&hellip;]<\/p>\n","protected":false},"featured_media":107707,"template":"","meta":[],"product_cat":[99,9991192,200,999],"product_tag":[],"_links":{"self":[{"href":"https:\/\/www.keramika.com\/slovenija\/wp-json\/wp\/v2\/product\/107706"}],"collection":[{"href":"https:\/\/www.keramika.com\/slovenija\/wp-json\/wp\/v2\/product"}],"about":[{"href":"https:\/\/www.keramika.com\/slovenija\/wp-json\/wp\/v2\/types\/product"}],"wp:featuredmedia":[{"embeddable":true,"href":"https:\/\/www.keramika.com\/slovenija\/wp-json\/wp\/v2\/media\/107707"}],"wp:attachment":[{"href":"https:\/\/www.keramika.com\/slovenija\/wp-json\/wp\/v2\/media?parent=107706"}],"wp:term":[{"taxonomy":"product_cat","embeddable":true,"href":"https:\/\/www.keramika.com\/slovenija\/wp-json\/wp\/v2\/product_cat?post=107706"},{"taxonomy":"product_tag","embeddable":true,"href":"https:\/\/www.keramika.com\/slovenija\/wp-json\/wp\/v2\/product_tag?post=107706"}],"curies":[{"name":"wp","href":"https:\/\/api.w.org\/{rel}","templated":true}]}}