{"id":107693,"date":"2017-03-23T02:49:39","date_gmt":"2017-03-23T02:49:39","guid":{"rendered":"http:\/\/keramika.holest.com\/slovenija\/product\/zen-gris\/"},"modified":"2026-01-05T00:01:25","modified_gmt":"2026-01-05T00:01:25","slug":"zen-gris","status":"publish","type":"product","link":"https:\/\/www.keramika.com\/slovenija\/zen-gris\/","title":{"rendered":"Zen Gris"},"content":{"rendered":"<p>Plo\u0161\u010dica na sliki je velika 45&#215;45 cm. mm je debelina, ki zadovolji tudi zahtevnej\u0161e kupce. Letos so plo\u0161\u010dice v sivi barvi zelo za\u017eeljene. Zen Gris je pripeljana iz \u0160panije in je zelo kvalitetna. Namesto 18,12 EUR kot bi za to plo\u0161\u010dico od\u0161teli v klasi\u010dni trgovini, boste v na\u0161i spletni prodajalni od\u0161teli le 14,5 EUR.<\/p>\n<p>Kliknite na ime kolekcije za ogled vseh plo\u0161\u010dic iz te serije: <a class=\"pdfcatal\" href=\"\/\/www.ceramictiles.com\/pdf\/cicogres\/catalogue_cicogres_zen.pdf\" onclick=\"recordOutboundLink(this, 'E-mail', 'Description PDF');return false;\">Cicogres Zen<\/a><\/p>\n<p>\u010ce \u017eelite naro\u010diti model iz pdf kataloga te kolekcije, nam pi\u0161ite na: <a href=\"mailto:keramoteka.salon@gmail.com\" onclick=\"recordOutboundLink(this, 'E-mail', 'Description mail');return false;\">keramoteka.salon@gmail.com<\/a> ali pa nas pokli\u010dite na: +386 31 255 900.<\/p>\n","protected":false},"excerpt":{"rendered":"<p>Plo\u0161\u010dica na sliki je velika 45&#215;45 cm. mm je debelina, ki zadovolji tudi zahtevnej\u0161e kupce. Letos so plo\u0161\u010dice v sivi barvi zelo za\u017eeljene. Zen Gris je pripeljana iz \u0160panije in je zelo kvalitetna. Namesto 18,12 EUR kot bi za to plo\u0161\u010dico od\u0161teli v klasi\u010dni trgovini, boste v na\u0161i spletni prodajalni od\u0161teli le 14,5 EUR. Kliknite [&hellip;]<\/p>\n","protected":false},"featured_media":107694,"template":"","meta":[],"product_cat":[999964,200,999],"product_tag":[],"_links":{"self":[{"href":"https:\/\/www.keramika.com\/slovenija\/wp-json\/wp\/v2\/product\/107693"}],"collection":[{"href":"https:\/\/www.keramika.com\/slovenija\/wp-json\/wp\/v2\/product"}],"about":[{"href":"https:\/\/www.keramika.com\/slovenija\/wp-json\/wp\/v2\/types\/product"}],"wp:featuredmedia":[{"embeddable":true,"href":"https:\/\/www.keramika.com\/slovenija\/wp-json\/wp\/v2\/media\/107694"}],"wp:attachment":[{"href":"https:\/\/www.keramika.com\/slovenija\/wp-json\/wp\/v2\/media?parent=107693"}],"wp:term":[{"taxonomy":"product_cat","embeddable":true,"href":"https:\/\/www.keramika.com\/slovenija\/wp-json\/wp\/v2\/product_cat?post=107693"},{"taxonomy":"product_tag","embeddable":true,"href":"https:\/\/www.keramika.com\/slovenija\/wp-json\/wp\/v2\/product_tag?post=107693"}],"curies":[{"name":"wp","href":"https:\/\/api.w.org\/{rel}","templated":true}]}}