{"id":107677,"date":"2017-03-23T02:48:49","date_gmt":"2017-03-23T02:48:49","guid":{"rendered":"http:\/\/keramika.holest.com\/slovenija\/product\/tarraco-crema\/"},"modified":"2026-01-05T00:01:24","modified_gmt":"2026-01-05T00:01:24","slug":"tarraco-crema","status":"publish","type":"product","link":"https:\/\/www.keramika.com\/slovenija\/tarraco-crema\/","title":{"rendered":"Tarraco Crema"},"content":{"rendered":"<p>Plo\u0161\u010dica je debela kar mm, kar jo uvr\u0161\u010da med bolj trde plo\u0161\u010dice. Pri izbiri plo\u0161\u010dice v be\u017e barvi ne morete zgre\u0161iti. Tarraco Crema je pripeljana iz \u0160panije in je zelo kvalitetna. \u0160irina in dol\u017eina te plo\u0161\u010dice sta 60&#215;60 cm. 19,48 EUR v klasi\u010dni trgovini, pri nas pa le 15,58 EUR.<\/p>\n<p>Kliknite na ime kolekcije za ogled vseh plo\u0161\u010dic iz te serije: <a class=\"pdfcatal\" href=\"\/\/www.ceramictiles.com\/pdf\/cicogres\/catalogue_cicogres_tarraco.pdf\" onclick=\"recordOutboundLink(this, 'E-mail', 'Description PDF');return false;\">Cicogres Tarraco<\/a><\/p>\n<p>\u010ce \u017eelite naro\u010diti model iz pdf kataloga te kolekcije, nam pi\u0161ite na: <a href=\"mailto:keramoteka.salon@gmail.com\" onclick=\"recordOutboundLink(this, 'E-mail', 'Description mail');return false;\">keramoteka.salon@gmail.com<\/a> ali pa nas pokli\u010dite na: +386 31 255 900.<\/p>\n","protected":false},"excerpt":{"rendered":"<p>Plo\u0161\u010dica je debela kar mm, kar jo uvr\u0161\u010da med bolj trde plo\u0161\u010dice. Pri izbiri plo\u0161\u010dice v be\u017e barvi ne morete zgre\u0161iti. Tarraco Crema je pripeljana iz \u0160panije in je zelo kvalitetna. \u0160irina in dol\u017eina te plo\u0161\u010dice sta 60&#215;60 cm. 19,48 EUR v klasi\u010dni trgovini, pri nas pa le 15,58 EUR. Kliknite na ime kolekcije za [&hellip;]<\/p>\n","protected":false},"featured_media":107678,"template":"","meta":[],"product_cat":[999964,200,999],"product_tag":[],"_links":{"self":[{"href":"https:\/\/www.keramika.com\/slovenija\/wp-json\/wp\/v2\/product\/107677"}],"collection":[{"href":"https:\/\/www.keramika.com\/slovenija\/wp-json\/wp\/v2\/product"}],"about":[{"href":"https:\/\/www.keramika.com\/slovenija\/wp-json\/wp\/v2\/types\/product"}],"wp:featuredmedia":[{"embeddable":true,"href":"https:\/\/www.keramika.com\/slovenija\/wp-json\/wp\/v2\/media\/107678"}],"wp:attachment":[{"href":"https:\/\/www.keramika.com\/slovenija\/wp-json\/wp\/v2\/media?parent=107677"}],"wp:term":[{"taxonomy":"product_cat","embeddable":true,"href":"https:\/\/www.keramika.com\/slovenija\/wp-json\/wp\/v2\/product_cat?post=107677"},{"taxonomy":"product_tag","embeddable":true,"href":"https:\/\/www.keramika.com\/slovenija\/wp-json\/wp\/v2\/product_tag?post=107677"}],"curies":[{"name":"wp","href":"https:\/\/api.w.org\/{rel}","templated":true}]}}