{"id":107673,"date":"2017-03-23T02:48:35","date_gmt":"2017-03-23T02:48:35","guid":{"rendered":"http:\/\/keramika.holest.com\/slovenija\/product\/starlight-negro\/"},"modified":"2026-01-05T00:01:23","modified_gmt":"2026-01-05T00:01:23","slug":"starlight-negro","status":"publish","type":"product","link":"https:\/\/www.keramika.com\/slovenija\/starlight-negro\/","title":{"rendered":"Starlight Negro"},"content":{"rendered":"<p>Ta model plo\u0161\u010dice se najbolje prodaja v \u010drni barvi. Velikost te plo\u0161\u010dice je 45&#215;45 cm in je primerna za razli\u010dne povr\u0161ine. 19,32 EUR v klasi\u010dni trgovini, pri nas pa le 15,46 EUR. To plo\u0161\u010dico je izdelal proizvajalec Cicogres, ki prihaja iz \u0160panije. Plo\u0161\u010dica je debela kar mm, kar jo uvr\u0161\u010da med bolj trde plo\u0161\u010dice.<\/p>\n<p>Kliknite na ime kolekcije za ogled vseh plo\u0161\u010dic iz te serije: <a class=\"pdfcatal\" href=\"\/\/www.ceramictiles.com\/pdf\/cicogres\/catalogue_cicogres_starlight.pdf\" onclick=\"recordOutboundLink(this, 'E-mail', 'Description PDF');return false;\">Cicogres Starlight<\/a><\/p>\n<p>\u010ce \u017eelite naro\u010diti model iz pdf kataloga te kolekcije, nam pi\u0161ite na: <a href=\"mailto:keramoteka.salon@gmail.com\" onclick=\"recordOutboundLink(this, 'E-mail', 'Description mail');return false;\">keramoteka.salon@gmail.com<\/a> ali pa nas pokli\u010dite na: +386 31 255 900.<\/p>\n","protected":false},"excerpt":{"rendered":"<p>Ta model plo\u0161\u010dice se najbolje prodaja v \u010drni barvi. Velikost te plo\u0161\u010dice je 45&#215;45 cm in je primerna za razli\u010dne povr\u0161ine. 19,32 EUR v klasi\u010dni trgovini, pri nas pa le 15,46 EUR. To plo\u0161\u010dico je izdelal proizvajalec Cicogres, ki prihaja iz \u0160panije. Plo\u0161\u010dica je debela kar mm, kar jo uvr\u0161\u010da med bolj trde plo\u0161\u010dice. Kliknite [&hellip;]<\/p>\n","protected":false},"featured_media":107674,"template":"","meta":[],"product_cat":[999964,200,999],"product_tag":[],"_links":{"self":[{"href":"https:\/\/www.keramika.com\/slovenija\/wp-json\/wp\/v2\/product\/107673"}],"collection":[{"href":"https:\/\/www.keramika.com\/slovenija\/wp-json\/wp\/v2\/product"}],"about":[{"href":"https:\/\/www.keramika.com\/slovenija\/wp-json\/wp\/v2\/types\/product"}],"wp:featuredmedia":[{"embeddable":true,"href":"https:\/\/www.keramika.com\/slovenija\/wp-json\/wp\/v2\/media\/107674"}],"wp:attachment":[{"href":"https:\/\/www.keramika.com\/slovenija\/wp-json\/wp\/v2\/media?parent=107673"}],"wp:term":[{"taxonomy":"product_cat","embeddable":true,"href":"https:\/\/www.keramika.com\/slovenija\/wp-json\/wp\/v2\/product_cat?post=107673"},{"taxonomy":"product_tag","embeddable":true,"href":"https:\/\/www.keramika.com\/slovenija\/wp-json\/wp\/v2\/product_tag?post=107673"}],"curies":[{"name":"wp","href":"https:\/\/api.w.org\/{rel}","templated":true}]}}